{"id":141,"date":"2015-10-09T17:24:05","date_gmt":"2015-10-09T17:24:05","guid":{"rendered":"http:\/\/broker.commercegurus.com\/?page_id=141"},"modified":"2021-10-31T18:12:38","modified_gmt":"2021-10-31T15:12:38","slug":"material-engineering","status":"publish","type":"page","link":"https:\/\/orpapaslanmaz.com\/en\/solutions\/material-engineering\/","title":{"rendered":"Stainless Rod"},"content":{"rendered":"<div class=\"container\"><div class=\"vc_row wpb_row vc_row-fluid vc_custom_1449062960012\"><div class=\"wpb_column vc_column_container vc_col-sm-6\"><div class=\"vc_column-inner\"><div class=\"wpb_wrapper\">\n\t<div class=\"wpb_text_column wpb_content_element\" >\n\t\t<div class=\"wpb_wrapper\">\n\t\t\t<p><strong>Name of the product<\/strong>\u00a0:\u00a0<strong>Stainless Rod<\/strong><br \/>\n<strong>Uzunluk<\/strong>\u00a0: 3m ~ 6m<br \/>\n<strong>Standards<\/strong>\u00a0: ASTM A274, ASTM A484, ASTM A484M.<br \/>\n<strong>Qualities<\/strong>\u00a0: AISI 304, AISI 316, AISI 316L.<br \/>\n<strong>Stock Status\u00a0<\/strong>: Available<\/p>\n\n\t\t<\/div>\n\t<\/div>\n<\/div><\/div><\/div><div class=\"wpb_column vc_column_container vc_col-sm-6\"><div class=\"vc_column-inner\"><div class=\"wpb_wrapper\">\n\t<div  class=\"wpb_single_image wpb_content_element vc_align_left\">\n\t\t\n\t\t<figure class=\"wpb_wrapper vc_figure\">\n\t\t\t<a class=\"\" data-lightbox=\"lightbox[rel-141-4072557184]\" href=\"https:\/\/orpapaslanmaz.com\/wp-content\/uploads\/2021\/10\/paslanmaz-cubuk.jpg\" target=\"_self\"><img loading=\"lazy\" decoding=\"async\" width=\"400\" height=\"267\" src=\"https:\/\/orpapaslanmaz.com\/wp-content\/uploads\/2021\/10\/paslanmaz-cubuk.jpg\" class=\"vc_single_image-img attachment-full\" alt=\"\" srcset=\"https:\/\/orpapaslanmaz.com\/wp-content\/uploads\/2021\/10\/paslanmaz-cubuk.jpg 400w, https:\/\/orpapaslanmaz.com\/wp-content\/uploads\/2021\/10\/paslanmaz-cubuk-300x200.jpg 300w\" sizes=\"auto, (max-width: 400px) 100vw, 400px\" \/><\/a>\n\t\t<\/figure>\n\t<\/div>\n<\/div><\/div><\/div><\/div><\/div><div class=\"container\"><div class=\"vc_row wpb_row vc_row-fluid vc_custom_1444504142602\"><div class=\"wpb_column vc_column_container vc_col-sm-12\"><div class=\"vc_column-inner\"><div class=\"wpb_wrapper\">\n<div class=\"separator  normal\" style=\"background-color:#e2e2e2;height:1px;\">\n<\/div>\n<\/div><\/div><\/div><\/div><\/div><div class=\"container\"><div class=\"vc_row wpb_row vc_row-fluid\"><div class=\"wpb_column vc_column_container vc_col-sm-12\"><div class=\"vc_column-inner\"><div class=\"wpb_wrapper\">\n\t<div class=\"wpb_text_column wpb_content_element\" >\n\t\t<div class=\"wpb_wrapper\">\n\t\t\t<h2>Weight Chart<\/h2>\n\n\t\t<\/div>\n\t<\/div>\n<\/div><\/div><\/div><\/div><\/div><div class=\"container\"><div class=\"vc_row wpb_row vc_row-fluid vc_custom_1449062969962\"><div class=\"wpb_column vc_column_container vc_col-sm-12\"><div class=\"vc_column-inner\"><div class=\"wpb_wrapper\">\n\t<div  class=\"wpb_single_image wpb_content_element vc_align_left\">\n\t\t\n\t\t<figure class=\"wpb_wrapper vc_figure\">\n\t\t\t<div class=\"vc_single_image-wrapper   vc_box_border_grey\"><img loading=\"lazy\" decoding=\"async\" width=\"845\" height=\"744\" src=\"https:\/\/orpapaslanmaz.com\/wp-content\/uploads\/2021\/10\/paslanmaz-celik-cubuk-at.jpg\" class=\"vc_single_image-img attachment-full\" alt=\"\" srcset=\"https:\/\/orpapaslanmaz.com\/wp-content\/uploads\/2021\/10\/paslanmaz-celik-cubuk-at.jpg 845w, https:\/\/orpapaslanmaz.com\/wp-content\/uploads\/2021\/10\/paslanmaz-celik-cubuk-at-300x264.jpg 300w, https:\/\/orpapaslanmaz.com\/wp-content\/uploads\/2021\/10\/paslanmaz-celik-cubuk-at-768x676.jpg 768w\" sizes=\"auto, (max-width: 845px) 100vw, 845px\" \/><\/div>\n\t\t<\/figure>\n\t<\/div>\n<\/div><\/div><\/div><\/div><\/div>","protected":false},"excerpt":{"rendered":"\u00dcr\u00fcn ad\u0131\u00a0:\u00a0Paslanmaz \u00c7ubuk Uzunluk\u00a0: 3m ~ 6m Standartlar\u00a0: ASTM A274, ASTM A484, ASTM A484M. Kaliteler\u00a0: AISI 304, AISI 316, AISI 316L. Stok durumu\u00a0: Mevcut. A\u011f\u0131rl\u0131k Tablosu","protected":false},"author":1,"featured_media":70700,"parent":73,"menu_order":3,"comment_status":"closed","ping_status":"closed","template":"","meta":{"_acf_changed":false,"footnotes":""},"class_list":["post-141","page","type-page","status-publish","has-post-thumbnail","hentry"],"acf":[],"yoast_head":"<!-- This site is optimized with the Yoast SEO plugin v23.0 - https:\/\/yoast.com\/wordpress\/plugins\/seo\/ -->\n<title>Paslanmaz \u00c7ubuk - Orpa Paslanmaz<\/title>\n<meta name=\"description\" content=\"The discovery and design of new materials, with an emphasis on solids.\" \/>\n<meta name=\"robots\" content=\"index, follow, max-snippet:-1, max-image-preview:large, max-video-preview:-1\" \/>\n<link rel=\"canonical\" href=\"https:\/\/orpapaslanmaz.com\/en\/solutions\/material-engineering\/\" \/>\n<meta property=\"og:locale\" content=\"en_US\" \/>\n<meta property=\"og:type\" content=\"article\" \/>\n<meta property=\"og:title\" content=\"Paslanmaz \u00c7ubuk - Orpa Paslanmaz\" \/>\n<meta property=\"og:description\" content=\"The discovery and design of new materials, with an emphasis on solids.\" \/>\n<meta property=\"og:url\" content=\"https:\/\/orpapaslanmaz.com\/en\/solutions\/material-engineering\/\" \/>\n<meta property=\"og:site_name\" content=\"Orpa Paslanmaz\" \/>\n<meta property=\"article:modified_time\" content=\"2021-10-31T15:12:38+00:00\" \/>\n<meta name=\"twitter:card\" content=\"summary_large_image\" \/>\n<meta name=\"twitter:label1\" content=\"Est. reading time\" \/>\n\t<meta name=\"twitter:data1\" content=\"1 minute\" \/>\n<script type=\"application\/ld+json\" class=\"yoast-schema-graph\">{\"@context\":\"https:\/\/schema.org\",\"@graph\":[{\"@type\":\"WebPage\",\"@id\":\"https:\/\/orpapaslanmaz.com\/solutions\/material-engineering\/\",\"url\":\"https:\/\/orpapaslanmaz.com\/solutions\/material-engineering\/\",\"name\":\"Paslanmaz \u00c7ubuk - Orpa Paslanmaz\",\"isPartOf\":{\"@id\":\"https:\/\/orpapaslanmaz.com\/#website\"},\"primaryImageOfPage\":{\"@id\":\"https:\/\/orpapaslanmaz.com\/solutions\/material-engineering\/#primaryimage\"},\"image\":{\"@id\":\"https:\/\/orpapaslanmaz.com\/solutions\/material-engineering\/#primaryimage\"},\"thumbnailUrl\":\"\",\"datePublished\":\"2015-10-09T17:24:05+00:00\",\"dateModified\":\"2021-10-31T15:12:38+00:00\",\"description\":\"The discovery and design of new materials, with an emphasis on solids.\",\"breadcrumb\":{\"@id\":\"https:\/\/orpapaslanmaz.com\/solutions\/material-engineering\/#breadcrumb\"},\"inLanguage\":\"en-US\",\"potentialAction\":[{\"@type\":\"ReadAction\",\"target\":[\"https:\/\/orpapaslanmaz.com\/solutions\/material-engineering\/\"]}]},{\"@type\":\"ImageObject\",\"inLanguage\":\"en-US\",\"@id\":\"https:\/\/orpapaslanmaz.com\/solutions\/material-engineering\/#primaryimage\",\"url\":\"\",\"contentUrl\":\"\"},{\"@type\":\"BreadcrumbList\",\"@id\":\"https:\/\/orpapaslanmaz.com\/solutions\/material-engineering\/#breadcrumb\",\"itemListElement\":[{\"@type\":\"ListItem\",\"position\":1,\"name\":\"Anasayfa\",\"item\":\"https:\/\/orpapaslanmaz.com\/\"},{\"@type\":\"ListItem\",\"position\":2,\"name\":\"Paslanmaz \u00c7elik \u00dcr\u00fcnler\",\"item\":\"https:\/\/orpapaslanmaz.com\/solutions\/\"},{\"@type\":\"ListItem\",\"position\":3,\"name\":\"Paslanmaz \u00c7ubuk\"}]},{\"@type\":\"WebSite\",\"@id\":\"https:\/\/orpapaslanmaz.com\/#website\",\"url\":\"https:\/\/orpapaslanmaz.com\/\",\"name\":\"Orpa Paslanmaz\",\"description\":\"ORPA PASLANMAZ \u00c7EL\u0130K. - Paslanmaz \u00c7elik&#039;de G\u00fcvenilir \u00c7\u00f6z\u00fcm Orta\u011f\u0131n\u0131z. Reliable Solution Partner on Stainless Steel Products.\",\"potentialAction\":[{\"@type\":\"SearchAction\",\"target\":{\"@type\":\"EntryPoint\",\"urlTemplate\":\"https:\/\/orpapaslanmaz.com\/?s={search_term_string}\"},\"query-input\":\"required name=search_term_string\"}],\"inLanguage\":\"en-US\"}]}<\/script>\n<!-- \/ Yoast SEO plugin. -->","yoast_head_json":{"title":"Paslanmaz \u00c7ubuk - Orpa Paslanmaz","description":"The discovery and design of new materials, with an emphasis on solids.","robots":{"index":"index","follow":"follow","max-snippet":"max-snippet:-1","max-image-preview":"max-image-preview:large","max-video-preview":"max-video-preview:-1"},"canonical":"https:\/\/orpapaslanmaz.com\/en\/solutions\/material-engineering\/","og_locale":"en_US","og_type":"article","og_title":"Paslanmaz \u00c7ubuk - Orpa Paslanmaz","og_description":"The discovery and design of new materials, with an emphasis on solids.","og_url":"https:\/\/orpapaslanmaz.com\/en\/solutions\/material-engineering\/","og_site_name":"Orpa Paslanmaz","article_modified_time":"2021-10-31T15:12:38+00:00","twitter_card":"summary_large_image","twitter_misc":{"Est. reading time":"1 minute"},"schema":{"@context":"https:\/\/schema.org","@graph":[{"@type":"WebPage","@id":"https:\/\/orpapaslanmaz.com\/solutions\/material-engineering\/","url":"https:\/\/orpapaslanmaz.com\/solutions\/material-engineering\/","name":"Paslanmaz \u00c7ubuk - Orpa Paslanmaz","isPartOf":{"@id":"https:\/\/orpapaslanmaz.com\/#website"},"primaryImageOfPage":{"@id":"https:\/\/orpapaslanmaz.com\/solutions\/material-engineering\/#primaryimage"},"image":{"@id":"https:\/\/orpapaslanmaz.com\/solutions\/material-engineering\/#primaryimage"},"thumbnailUrl":"","datePublished":"2015-10-09T17:24:05+00:00","dateModified":"2021-10-31T15:12:38+00:00","description":"The discovery and design of new materials, with an emphasis on solids.","breadcrumb":{"@id":"https:\/\/orpapaslanmaz.com\/solutions\/material-engineering\/#breadcrumb"},"inLanguage":"en-US","potentialAction":[{"@type":"ReadAction","target":["https:\/\/orpapaslanmaz.com\/solutions\/material-engineering\/"]}]},{"@type":"ImageObject","inLanguage":"en-US","@id":"https:\/\/orpapaslanmaz.com\/solutions\/material-engineering\/#primaryimage","url":"","contentUrl":""},{"@type":"BreadcrumbList","@id":"https:\/\/orpapaslanmaz.com\/solutions\/material-engineering\/#breadcrumb","itemListElement":[{"@type":"ListItem","position":1,"name":"Anasayfa","item":"https:\/\/orpapaslanmaz.com\/"},{"@type":"ListItem","position":2,"name":"Paslanmaz \u00c7elik \u00dcr\u00fcnler","item":"https:\/\/orpapaslanmaz.com\/solutions\/"},{"@type":"ListItem","position":3,"name":"Paslanmaz \u00c7ubuk"}]},{"@type":"WebSite","@id":"https:\/\/orpapaslanmaz.com\/#website","url":"https:\/\/orpapaslanmaz.com\/","name":"Orpa Stainless","description":"ORPA PASLANMAZ \u00c7EL\u0130K. - Paslanmaz \u00c7elik&#039;de G\u00fcvenilir \u00c7\u00f6z\u00fcm Orta\u011f\u0131n\u0131z. Reliable Solution Partner on Stainless Steel Products.","potentialAction":[{"@type":"SearchAction","target":{"@type":"EntryPoint","urlTemplate":"https:\/\/orpapaslanmaz.com\/?s={search_term_string}"},"query-input":"required name=search_term_string"}],"inLanguage":"en-US"}]}},"_links":{"self":[{"href":"https:\/\/orpapaslanmaz.com\/en\/wp-json\/wp\/v2\/pages\/141","targetHints":{"allow":["GET"]}}],"collection":[{"href":"https:\/\/orpapaslanmaz.com\/en\/wp-json\/wp\/v2\/pages"}],"about":[{"href":"https:\/\/orpapaslanmaz.com\/en\/wp-json\/wp\/v2\/types\/page"}],"author":[{"embeddable":true,"href":"https:\/\/orpapaslanmaz.com\/en\/wp-json\/wp\/v2\/users\/1"}],"replies":[{"embeddable":true,"href":"https:\/\/orpapaslanmaz.com\/en\/wp-json\/wp\/v2\/comments?post=141"}],"version-history":[{"count":0,"href":"https:\/\/orpapaslanmaz.com\/en\/wp-json\/wp\/v2\/pages\/141\/revisions"}],"up":[{"embeddable":true,"href":"https:\/\/orpapaslanmaz.com\/en\/wp-json\/wp\/v2\/pages\/73"}],"wp:featuredmedia":[{"embeddable":true,"href":"https:\/\/orpapaslanmaz.com\/en\/wp-json\/"}],"wp:attachment":[{"href":"https:\/\/orpapaslanmaz.com\/en\/wp-json\/wp\/v2\/media?parent=141"}],"curies":[{"name":"wp","href":"https:\/\/api.w.org\/{rel}","templated":true}]}}