{"id":70741,"date":"2015-11-25T12:11:24","date_gmt":"2015-11-25T12:11:24","guid":{"rendered":"http:\/\/factory.commercegurus.com\/?page_id=70741"},"modified":"2015-11-25T12:11:24","modified_gmt":"2015-11-25T12:11:24","slug":"get-a-quote","status":"publish","type":"page","link":"https:\/\/orpapaslanmaz.com\/en\/get-a-quote\/","title":{"rendered":"Get a Quote"},"content":{"rendered":"<div class=\"container\"><div class=\"vc_row wpb_row vc_row-fluid vc_custom_1451759148890\"><div class=\"wpb_column vc_column_container vc_col-sm-8\"><div class=\"vc_column-inner\"><div class=\"wpb_wrapper\">\n\t<div class=\"wpb_text_column wpb_content_element\" >\n\t\t<div class=\"wpb_wrapper\">\n\t\t\t<h3>Just fill out this quick form<\/h3>\n\n\t\t<\/div>\n\t<\/div>\n\n<div class=\"wpcf7 no-js\" id=\"wpcf7-f70744-o1\" lang=\"en-US\" dir=\"ltr\" data-wpcf7-id=\"70744\">\n<div class=\"screen-reader-response\"><p role=\"status\" aria-live=\"polite\" aria-atomic=\"true\"><\/p> <ul><\/ul><\/div>\n<form action=\"\/en\/wp-json\/wp\/v2\/pages\/70741#wpcf7-f70744-o1\" method=\"post\" class=\"wpcf7-form init\" aria-label=\"Contact form\" novalidate=\"novalidate\" data-status=\"init\" data-trp-original-action=\"\/en\/wp-json\/wp\/v2\/pages\/70741#wpcf7-f70744-o1\">\n<div style=\"display: none;\">\n<input type=\"hidden\" name=\"_wpcf7\" value=\"70744\" \/>\n<input type=\"hidden\" name=\"_wpcf7_version\" value=\"6.0.6\" \/>\n<input type=\"hidden\" name=\"_wpcf7_locale\" value=\"en_US\" \/>\n<input type=\"hidden\" name=\"_wpcf7_unit_tag\" value=\"wpcf7-f70744-o1\" \/>\n<input type=\"hidden\" name=\"_wpcf7_container_post\" value=\"0\" \/>\n<input type=\"hidden\" name=\"_wpcf7_posted_data_hash\" value=\"\" \/>\n<input type=\"hidden\" name=\"_wpcf7_recaptcha_response\" value=\"\" \/>\n<\/div>\n<div class=\"row\">\n\t<div class=\"col-lg-6 col-md-6\">\n\t\t<p>Your Name (required)\n\t\t<\/p>\n\t\t<p><span class=\"wpcf7-form-control-wrap\" data-name=\"your-name\"><input size=\"40\" maxlength=\"400\" class=\"wpcf7-form-control wpcf7-text wpcf7-validates-as-required\" aria-required=\"true\" aria-invalid=\"false\" value=\"\" type=\"text\" name=\"your-name\" \/><\/span>\n\t\t<\/p>\n\t\t<p>Your Email (required)\n\t\t<\/p>\n\t\t<p><span class=\"wpcf7-form-control-wrap\" data-name=\"your-email\"><input size=\"40\" maxlength=\"400\" class=\"wpcf7-form-control wpcf7-email wpcf7-validates-as-required wpcf7-text wpcf7-validates-as-email\" aria-required=\"true\" aria-invalid=\"false\" value=\"\" type=\"email\" name=\"your-email\" \/><\/span>\n\t\t<\/p>\n\t\t<p>Your Phone Number\n\t\t<\/p>\n\t\t<p><span class=\"wpcf7-form-control-wrap\" data-name=\"your-phone\"><input size=\"40\" maxlength=\"400\" class=\"wpcf7-form-control wpcf7-tel wpcf7-text wpcf7-validates-as-tel\" aria-invalid=\"false\" value=\"\" type=\"tel\" name=\"your-phone\" \/><\/span>\n\t\t<\/p>\n\t\t<p>Company Name\n\t\t<\/p>\n\t\t<p><span class=\"wpcf7-form-control-wrap\" data-name=\"company-name\"><input size=\"40\" maxlength=\"400\" class=\"wpcf7-form-control wpcf7-text\" aria-invalid=\"false\" value=\"\" type=\"text\" name=\"company-name\" \/><\/span>\n\t\t<\/p>\n\t<\/div>\n\t<div class=\"col-lg-6 col-md-6\">\n\t\t<p>Project Title\n\t\t<\/p>\n\t\t<p><span class=\"wpcf7-form-control-wrap\" data-name=\"project-title\"><input size=\"40\" maxlength=\"400\" class=\"wpcf7-form-control wpcf7-text\" aria-invalid=\"false\" value=\"\" type=\"text\" name=\"project-title\" \/><\/span>\n\t\t<\/p>\n\t\t<p>Your Requirements\n\t\t<\/p>\n\t\t<p><span class=\"wpcf7-form-control-wrap\" data-name=\"your-requirements\"><textarea cols=\"40\" rows=\"10\" maxlength=\"2000\" class=\"wpcf7-form-control wpcf7-textarea\" aria-invalid=\"false\" name=\"your-requirements\"><\/textarea><\/span>\n\t\t<\/p>\n\t<\/div>\n<\/div>\n<p><input class=\"wpcf7-form-control wpcf7-submit has-spinner\" type=\"submit\" value=\"Send\" \/>\n<\/p><div class=\"wpcf7-response-output\" aria-hidden=\"true\"><\/div>\n<input type=\"hidden\" name=\"trp-form-language\" value=\"en\"\/><\/form>\n<\/div>\n<\/div><\/div><\/div><div class=\"pl-40 wpb_column vc_column_container vc_col-sm-4\"><div class=\"vc_column-inner\"><div class=\"wpb_wrapper\">\n\t<div class=\"wpb_text_column wpb_content_element\" >\n\t\t<div class=\"wpb_wrapper\">\n\t\t\t<h3>What you get<\/h3>\n\n\t\t<\/div>\n\t<\/div>\n\n<div class=\"separator  normal\" style=\"margin-bottom:18px; background-color:#e2e2e2;height:1px;\">\n<\/div>\n\n\t<div class=\"wpb_text_column wpb_content_element  wpb_animate_when_almost_visible wpb_bottom-to-top bottom-to-top vc_custom_1448459806899\" >\n\t\t<div class=\"wpb_wrapper\">\n\t\t\t<p class=\"with-icon\"><i class=\"ion-ios-telephone-outline\"><\/i> A phone call from one of our business consultants<\/p>\n\n\t\t<\/div>\n\t<\/div>\n\n<div class=\"separator  normal\" style=\"margin-bottom:18px; background-color:#e2e2e2;height:1px;\">\n<\/div>\n\n\t<div class=\"wpb_text_column wpb_content_element  wpb_animate_when_almost_visible wpb_bottom-to-top bottom-to-top vc_custom_1448460119968\" >\n\t\t<div class=\"wpb_wrapper\">\n\t\t\t<p class=\"with-icon\"><i class=\"ion-ios-calculator-outline\"><\/i> A cost estimate of your project based upon your submission<\/p>\n\n\t\t<\/div>\n\t<\/div>\n\n<div class=\"separator  normal\" style=\"margin-bottom:18px; background-color:#e2e2e2;height:1px;\">\n<\/div>\n\n\t<div class=\"wpb_text_column wpb_content_element  wpb_animate_when_almost_visible wpb_bottom-to-top bottom-to-top vc_custom_1448460069037\" >\n\t\t<div class=\"wpb_wrapper\">\n\t\t\t<p class=\"with-icon\"><i class=\"ion-ios-person-outline\"><\/i> An in-person meeting to discuss the finer details if necessary<\/p>\n\n\t\t<\/div>\n\t<\/div>\n\n<div class=\"separator  normal\" style=\"margin-bottom:18px; background-color:#e2e2e2;height:1px;\">\n<\/div>\n\n\t<div class=\"wpb_text_column wpb_content_element  wpb_animate_when_almost_visible wpb_bottom-to-top bottom-to-top vc_custom_1448460028712\" >\n\t\t<div class=\"wpb_wrapper\">\n\t\t\t<p class=\"with-icon\"><i class=\"ion-ios-locked-outline\"><\/i> 100% privacy guaranteed, your details are safe and protected<\/p>\n\n\t\t<\/div>\n\t<\/div>\n<\/div><\/div><\/div><\/div><\/div>","protected":false},"excerpt":{"rendered":"Just fill out this quick form Your Name (required) Your Email (required) Your Phone Number Company Name Project Title Your Requirements What you get A phone call from one of our business consultants A cost estimate of your project based upon your submission An in-person meeting to discuss the finer details if necessary 100% privacy [...]","protected":false},"author":1,"featured_media":70784,"parent":0,"menu_order":0,"comment_status":"closed","ping_status":"closed","template":"page-full-width.php","meta":{"_acf_changed":false,"footnotes":""},"class_list":["post-70741","page","type-page","status-publish","has-post-thumbnail","hentry"],"acf":[],"yoast_head":"<!-- This site is optimized with the Yoast SEO plugin v23.0 - https:\/\/yoast.com\/wordpress\/plugins\/seo\/ -->\n<title>Get a Quote - Orpa Paslanmaz<\/title>\n<meta name=\"robots\" content=\"index, follow, max-snippet:-1, max-image-preview:large, max-video-preview:-1\" \/>\n<link rel=\"canonical\" href=\"https:\/\/orpapaslanmaz.com\/en\/get-a-quote\/\" \/>\n<meta property=\"og:locale\" content=\"en_US\" \/>\n<meta property=\"og:type\" content=\"article\" \/>\n<meta property=\"og:title\" content=\"Get a Quote - Orpa Paslanmaz\" \/>\n<meta property=\"og:url\" content=\"https:\/\/orpapaslanmaz.com\/en\/get-a-quote\/\" \/>\n<meta property=\"og:site_name\" content=\"Orpa Paslanmaz\" \/>\n<meta name=\"twitter:card\" content=\"summary_large_image\" \/>\n<meta name=\"twitter:label1\" content=\"Est. reading time\" \/>\n\t<meta name=\"twitter:data1\" content=\"1 minute\" \/>\n<script type=\"application\/ld+json\" class=\"yoast-schema-graph\">{\"@context\":\"https:\/\/schema.org\",\"@graph\":[{\"@type\":\"WebPage\",\"@id\":\"https:\/\/orpapaslanmaz.com\/get-a-quote\/\",\"url\":\"https:\/\/orpapaslanmaz.com\/get-a-quote\/\",\"name\":\"Get a Quote - Orpa Paslanmaz\",\"isPartOf\":{\"@id\":\"https:\/\/orpapaslanmaz.com\/#website\"},\"primaryImageOfPage\":{\"@id\":\"https:\/\/orpapaslanmaz.com\/get-a-quote\/#primaryimage\"},\"image\":{\"@id\":\"https:\/\/orpapaslanmaz.com\/get-a-quote\/#primaryimage\"},\"thumbnailUrl\":\"\",\"datePublished\":\"2015-11-25T12:11:24+00:00\",\"dateModified\":\"2015-11-25T12:11:24+00:00\",\"breadcrumb\":{\"@id\":\"https:\/\/orpapaslanmaz.com\/get-a-quote\/#breadcrumb\"},\"inLanguage\":\"en-US\",\"potentialAction\":[{\"@type\":\"ReadAction\",\"target\":[\"https:\/\/orpapaslanmaz.com\/get-a-quote\/\"]}]},{\"@type\":\"ImageObject\",\"inLanguage\":\"en-US\",\"@id\":\"https:\/\/orpapaslanmaz.com\/get-a-quote\/#primaryimage\",\"url\":\"\",\"contentUrl\":\"\"},{\"@type\":\"BreadcrumbList\",\"@id\":\"https:\/\/orpapaslanmaz.com\/get-a-quote\/#breadcrumb\",\"itemListElement\":[{\"@type\":\"ListItem\",\"position\":1,\"name\":\"Anasayfa\",\"item\":\"https:\/\/orpapaslanmaz.com\/\"},{\"@type\":\"ListItem\",\"position\":2,\"name\":\"Get a Quote\"}]},{\"@type\":\"WebSite\",\"@id\":\"https:\/\/orpapaslanmaz.com\/#website\",\"url\":\"https:\/\/orpapaslanmaz.com\/\",\"name\":\"Orpa Paslanmaz\",\"description\":\"ORPA PASLANMAZ \u00c7EL\u0130K. - Paslanmaz \u00c7elik&#039;de G\u00fcvenilir \u00c7\u00f6z\u00fcm Orta\u011f\u0131n\u0131z. Reliable Solution Partner on Stainless Steel Products.\",\"potentialAction\":[{\"@type\":\"SearchAction\",\"target\":{\"@type\":\"EntryPoint\",\"urlTemplate\":\"https:\/\/orpapaslanmaz.com\/?s={search_term_string}\"},\"query-input\":\"required name=search_term_string\"}],\"inLanguage\":\"en-US\"}]}<\/script>\n<!-- \/ Yoast SEO plugin. -->","yoast_head_json":{"title":"Get a Quote - Orpa Paslanmaz","robots":{"index":"index","follow":"follow","max-snippet":"max-snippet:-1","max-image-preview":"max-image-preview:large","max-video-preview":"max-video-preview:-1"},"canonical":"https:\/\/orpapaslanmaz.com\/en\/get-a-quote\/","og_locale":"en_US","og_type":"article","og_title":"Get a Quote - Orpa Paslanmaz","og_url":"https:\/\/orpapaslanmaz.com\/en\/get-a-quote\/","og_site_name":"Orpa Paslanmaz","twitter_card":"summary_large_image","twitter_misc":{"Est. reading time":"1 minute"},"schema":{"@context":"https:\/\/schema.org","@graph":[{"@type":"WebPage","@id":"https:\/\/orpapaslanmaz.com\/get-a-quote\/","url":"https:\/\/orpapaslanmaz.com\/get-a-quote\/","name":"Get a Quote - Orpa Paslanmaz","isPartOf":{"@id":"https:\/\/orpapaslanmaz.com\/#website"},"primaryImageOfPage":{"@id":"https:\/\/orpapaslanmaz.com\/get-a-quote\/#primaryimage"},"image":{"@id":"https:\/\/orpapaslanmaz.com\/get-a-quote\/#primaryimage"},"thumbnailUrl":"","datePublished":"2015-11-25T12:11:24+00:00","dateModified":"2015-11-25T12:11:24+00:00","breadcrumb":{"@id":"https:\/\/orpapaslanmaz.com\/get-a-quote\/#breadcrumb"},"inLanguage":"en-US","potentialAction":[{"@type":"ReadAction","target":["https:\/\/orpapaslanmaz.com\/get-a-quote\/"]}]},{"@type":"ImageObject","inLanguage":"en-US","@id":"https:\/\/orpapaslanmaz.com\/get-a-quote\/#primaryimage","url":"","contentUrl":""},{"@type":"BreadcrumbList","@id":"https:\/\/orpapaslanmaz.com\/get-a-quote\/#breadcrumb","itemListElement":[{"@type":"ListItem","position":1,"name":"Anasayfa","item":"https:\/\/orpapaslanmaz.com\/"},{"@type":"ListItem","position":2,"name":"Get a Quote"}]},{"@type":"WebSite","@id":"https:\/\/orpapaslanmaz.com\/#website","url":"https:\/\/orpapaslanmaz.com\/","name":"Orpa Stainless","description":"ORPA PASLANMAZ \u00c7EL\u0130K. - Paslanmaz \u00c7elik&#039;de G\u00fcvenilir \u00c7\u00f6z\u00fcm Orta\u011f\u0131n\u0131z. Reliable Solution Partner on Stainless Steel Products.","potentialAction":[{"@type":"SearchAction","target":{"@type":"EntryPoint","urlTemplate":"https:\/\/orpapaslanmaz.com\/?s={search_term_string}"},"query-input":"required name=search_term_string"}],"inLanguage":"en-US"}]}},"_links":{"self":[{"href":"https:\/\/orpapaslanmaz.com\/en\/wp-json\/wp\/v2\/pages\/70741","targetHints":{"allow":["GET"]}}],"collection":[{"href":"https:\/\/orpapaslanmaz.com\/en\/wp-json\/wp\/v2\/pages"}],"about":[{"href":"https:\/\/orpapaslanmaz.com\/en\/wp-json\/wp\/v2\/types\/page"}],"author":[{"embeddable":true,"href":"https:\/\/orpapaslanmaz.com\/en\/wp-json\/wp\/v2\/users\/1"}],"replies":[{"embeddable":true,"href":"https:\/\/orpapaslanmaz.com\/en\/wp-json\/wp\/v2\/comments?post=70741"}],"version-history":[{"count":0,"href":"https:\/\/orpapaslanmaz.com\/en\/wp-json\/wp\/v2\/pages\/70741\/revisions"}],"wp:featuredmedia":[{"embeddable":true,"href":"https:\/\/orpapaslanmaz.com\/en\/wp-json\/"}],"wp:attachment":[{"href":"https:\/\/orpapaslanmaz.com\/en\/wp-json\/wp\/v2\/media?parent=70741"}],"curies":[{"name":"wp","href":"https:\/\/api.w.org\/{rel}","templated":true}]}}