{"id":70969,"date":"2021-10-31T18:44:18","date_gmt":"2021-10-31T15:44:18","guid":{"rendered":"http:\/\/orpapaslanmaz.com\/?page_id=70969"},"modified":"2021-10-31T18:44:18","modified_gmt":"2021-10-31T15:44:18","slug":"paslanmaz-cekme-dikissiz-boru","status":"publish","type":"page","link":"https:\/\/orpapaslanmaz.com\/en\/solutions\/paslanmaz-cekme-dikissiz-boru\/","title":{"rendered":"Stainless Pulled Welded \/ Seamless Pipe"},"content":{"rendered":"<div class=\"container\"><div class=\"vc_row wpb_row vc_row-fluid vc_custom_1449060205291\"><div class=\"wpb_column vc_column_container vc_col-sm-6\"><div class=\"vc_column-inner\"><div class=\"wpb_wrapper\">\n\t<div class=\"wpb_text_column wpb_content_element\" >\n\t\t<div class=\"wpb_wrapper\">\n\t\t\t<p><b>\u00a0<\/b><\/p>\n\n\t\t<\/div>\n\t<\/div>\n<\/div><\/div><\/div><div class=\"wpb_column vc_column_container vc_col-sm-6\"><div class=\"vc_column-inner\"><div class=\"wpb_wrapper\">\n\t<div  class=\"wpb_single_image wpb_content_element vc_align_left\">\n\t\t\n\t\t<figure class=\"wpb_wrapper vc_figure\">\n\t\t\t<a class=\"\" data-lightbox=\"lightbox[rel-70969-1549560891]\" href=\"https:\/\/orpapaslanmaz.com\/wp-content\/uploads\/2021\/10\/paslanmaz-cekme-dikissiz-boru.jpg\" target=\"_self\"><img loading=\"lazy\" decoding=\"async\" width=\"400\" height=\"267\" src=\"https:\/\/orpapaslanmaz.com\/wp-content\/uploads\/2021\/10\/paslanmaz-cekme-dikissiz-boru.jpg\" class=\"vc_single_image-img attachment-full\" alt=\"\" srcset=\"https:\/\/orpapaslanmaz.com\/wp-content\/uploads\/2021\/10\/paslanmaz-cekme-dikissiz-boru.jpg 400w, https:\/\/orpapaslanmaz.com\/wp-content\/uploads\/2021\/10\/paslanmaz-cekme-dikissiz-boru-300x200.jpg 300w\" sizes=\"auto, (max-width: 400px) 100vw, 400px\" \/><\/a>\n\t\t<\/figure>\n\t<\/div>\n<\/div><\/div><\/div><\/div><\/div><div class=\"container\"><div class=\"vc_row wpb_row vc_row-fluid vc_custom_1449060130251\"><div class=\"wpb_column vc_column_container vc_col-sm-12\"><div class=\"vc_column-inner\"><div class=\"wpb_wrapper\">\n<div class=\"separator  normal\" style=\"background-color:#e2e2e2;height:1px;\">\n<\/div>\n<\/div><\/div><\/div><\/div><\/div><div class=\"container\"><div class=\"vc_row wpb_row vc_row-fluid\"><div class=\"wpb_column vc_column_container vc_col-sm-12\"><div class=\"vc_column-inner\"><div class=\"wpb_wrapper\">\n\t<div class=\"wpb_text_column wpb_content_element\" >\n\t\t<div class=\"wpb_wrapper\">\n\t\t\t<h2>304L \u2013 316L Quality Stainless Steel Seamless Pipe Weight Table<\/h2>\n\n\t\t<\/div>\n\t<\/div>\n<\/div><\/div><\/div><\/div><\/div><div class=\"container\"><div class=\"vc_row wpb_row vc_row-fluid vc_custom_1449060148994\"><div class=\"wpb_column vc_column_container vc_col-sm-12\"><div class=\"vc_column-inner\"><div class=\"wpb_wrapper\">\n\t<div  class=\"wpb_single_image wpb_content_element vc_align_left\">\n\t\t\n\t\t<figure class=\"wpb_wrapper vc_figure\">\n\t\t\t<div class=\"vc_single_image-wrapper   vc_box_border_grey\"><img loading=\"lazy\" decoding=\"async\" width=\"874\" height=\"1885\" src=\"https:\/\/orpapaslanmaz.com\/wp-content\/uploads\/2021\/10\/paslanmaz-cekme-dikissiz-boru-at.jpg\" class=\"vc_single_image-img attachment-full\" alt=\"\" srcset=\"https:\/\/orpapaslanmaz.com\/wp-content\/uploads\/2021\/10\/paslanmaz-cekme-dikissiz-boru-at.jpg 874w, https:\/\/orpapaslanmaz.com\/wp-content\/uploads\/2021\/10\/paslanmaz-cekme-dikissiz-boru-at-139x300.jpg 139w, https:\/\/orpapaslanmaz.com\/wp-content\/uploads\/2021\/10\/paslanmaz-cekme-dikissiz-boru-at-475x1024.jpg 475w, https:\/\/orpapaslanmaz.com\/wp-content\/uploads\/2021\/10\/paslanmaz-cekme-dikissiz-boru-at-768x1656.jpg 768w, https:\/\/orpapaslanmaz.com\/wp-content\/uploads\/2021\/10\/paslanmaz-cekme-dikissiz-boru-at-712x1536.jpg 712w\" sizes=\"auto, (max-width: 874px) 100vw, 874px\" \/><\/div>\n\t\t<\/figure>\n\t<\/div>\n<\/div><\/div><\/div><\/div><\/div>","protected":false},"excerpt":{"rendered":"\u00a0 304L \u2013 316L Quality Stainless Steel Seamless Pipe Weight Table","protected":false},"author":1,"featured_media":70714,"parent":73,"menu_order":5,"comment_status":"closed","ping_status":"closed","template":"","meta":{"_acf_changed":false,"footnotes":""},"class_list":["post-70969","page","type-page","status-publish","has-post-thumbnail","hentry"],"acf":[],"yoast_head":"<!-- This site is optimized with the Yoast SEO plugin v23.0 - https:\/\/yoast.com\/wordpress\/plugins\/seo\/ -->\n<title>Paslanmaz \u00c7ekme Diki\u015fsiz Boru - Orpa Paslanmaz<\/title>\n<meta name=\"description\" content=\"It is refined and separated, most easily by distillation, into a large number of consumer products.\" \/>\n<meta name=\"robots\" content=\"index, follow, max-snippet:-1, max-image-preview:large, max-video-preview:-1\" \/>\n<link rel=\"canonical\" href=\"https:\/\/orpapaslanmaz.com\/en\/solutions\/paslanmaz-cekme-dikissiz-boru\/\" \/>\n<meta property=\"og:locale\" content=\"en_US\" \/>\n<meta property=\"og:type\" content=\"article\" \/>\n<meta property=\"og:title\" content=\"Paslanmaz \u00c7ekme Diki\u015fsiz Boru - Orpa Paslanmaz\" \/>\n<meta property=\"og:description\" content=\"It is refined and separated, most easily by distillation, into a large number of consumer products.\" \/>\n<meta property=\"og:url\" content=\"https:\/\/orpapaslanmaz.com\/en\/solutions\/paslanmaz-cekme-dikissiz-boru\/\" \/>\n<meta property=\"og:site_name\" content=\"Orpa Paslanmaz\" \/>\n<meta name=\"twitter:card\" content=\"summary_large_image\" \/>\n<meta name=\"twitter:label1\" content=\"Est. reading time\" \/>\n\t<meta name=\"twitter:data1\" content=\"1 minute\" \/>\n<script type=\"application\/ld+json\" class=\"yoast-schema-graph\">{\"@context\":\"https:\/\/schema.org\",\"@graph\":[{\"@type\":\"WebPage\",\"@id\":\"https:\/\/orpapaslanmaz.com\/solutions\/paslanmaz-cekme-dikissiz-boru\/\",\"url\":\"https:\/\/orpapaslanmaz.com\/solutions\/paslanmaz-cekme-dikissiz-boru\/\",\"name\":\"Paslanmaz \u00c7ekme Diki\u015fsiz Boru - Orpa Paslanmaz\",\"isPartOf\":{\"@id\":\"https:\/\/orpapaslanmaz.com\/#website\"},\"primaryImageOfPage\":{\"@id\":\"https:\/\/orpapaslanmaz.com\/solutions\/paslanmaz-cekme-dikissiz-boru\/#primaryimage\"},\"image\":{\"@id\":\"https:\/\/orpapaslanmaz.com\/solutions\/paslanmaz-cekme-dikissiz-boru\/#primaryimage\"},\"thumbnailUrl\":\"\",\"datePublished\":\"2021-10-31T15:44:18+00:00\",\"dateModified\":\"2021-10-31T15:44:18+00:00\",\"description\":\"It is refined and separated, most easily by distillation, into a large number of consumer products.\",\"breadcrumb\":{\"@id\":\"https:\/\/orpapaslanmaz.com\/solutions\/paslanmaz-cekme-dikissiz-boru\/#breadcrumb\"},\"inLanguage\":\"en-US\",\"potentialAction\":[{\"@type\":\"ReadAction\",\"target\":[\"https:\/\/orpapaslanmaz.com\/solutions\/paslanmaz-cekme-dikissiz-boru\/\"]}]},{\"@type\":\"ImageObject\",\"inLanguage\":\"en-US\",\"@id\":\"https:\/\/orpapaslanmaz.com\/solutions\/paslanmaz-cekme-dikissiz-boru\/#primaryimage\",\"url\":\"\",\"contentUrl\":\"\"},{\"@type\":\"BreadcrumbList\",\"@id\":\"https:\/\/orpapaslanmaz.com\/solutions\/paslanmaz-cekme-dikissiz-boru\/#breadcrumb\",\"itemListElement\":[{\"@type\":\"ListItem\",\"position\":1,\"name\":\"Anasayfa\",\"item\":\"https:\/\/orpapaslanmaz.com\/\"},{\"@type\":\"ListItem\",\"position\":2,\"name\":\"Paslanmaz \u00c7elik \u00dcr\u00fcnler\",\"item\":\"https:\/\/orpapaslanmaz.com\/solutions\/\"},{\"@type\":\"ListItem\",\"position\":3,\"name\":\"Paslanmaz \u00c7ekme Diki\u015fsiz Boru\"}]},{\"@type\":\"WebSite\",\"@id\":\"https:\/\/orpapaslanmaz.com\/#website\",\"url\":\"https:\/\/orpapaslanmaz.com\/\",\"name\":\"Orpa Paslanmaz\",\"description\":\"ORPA PASLANMAZ \u00c7EL\u0130K. - Paslanmaz \u00c7elik&#039;de G\u00fcvenilir \u00c7\u00f6z\u00fcm Orta\u011f\u0131n\u0131z. Reliable Solution Partner on Stainless Steel Products.\",\"potentialAction\":[{\"@type\":\"SearchAction\",\"target\":{\"@type\":\"EntryPoint\",\"urlTemplate\":\"https:\/\/orpapaslanmaz.com\/?s={search_term_string}\"},\"query-input\":\"required name=search_term_string\"}],\"inLanguage\":\"en-US\"}]}<\/script>\n<!-- \/ Yoast SEO plugin. -->","yoast_head_json":{"title":"Paslanmaz \u00c7ekme Diki\u015fsiz Boru - Orpa Paslanmaz","description":"It is refined and separated, most easily by distillation, into a large number of consumer products.","robots":{"index":"index","follow":"follow","max-snippet":"max-snippet:-1","max-image-preview":"max-image-preview:large","max-video-preview":"max-video-preview:-1"},"canonical":"https:\/\/orpapaslanmaz.com\/en\/solutions\/paslanmaz-cekme-dikissiz-boru\/","og_locale":"en_US","og_type":"article","og_title":"Paslanmaz \u00c7ekme Diki\u015fsiz Boru - Orpa Paslanmaz","og_description":"It is refined and separated, most easily by distillation, into a large number of consumer products.","og_url":"https:\/\/orpapaslanmaz.com\/en\/solutions\/paslanmaz-cekme-dikissiz-boru\/","og_site_name":"Orpa Paslanmaz","twitter_card":"summary_large_image","twitter_misc":{"Est. reading time":"1 minute"},"schema":{"@context":"https:\/\/schema.org","@graph":[{"@type":"WebPage","@id":"https:\/\/orpapaslanmaz.com\/solutions\/paslanmaz-cekme-dikissiz-boru\/","url":"https:\/\/orpapaslanmaz.com\/solutions\/paslanmaz-cekme-dikissiz-boru\/","name":"Paslanmaz \u00c7ekme Diki\u015fsiz Boru - Orpa Paslanmaz","isPartOf":{"@id":"https:\/\/orpapaslanmaz.com\/#website"},"primaryImageOfPage":{"@id":"https:\/\/orpapaslanmaz.com\/solutions\/paslanmaz-cekme-dikissiz-boru\/#primaryimage"},"image":{"@id":"https:\/\/orpapaslanmaz.com\/solutions\/paslanmaz-cekme-dikissiz-boru\/#primaryimage"},"thumbnailUrl":"","datePublished":"2021-10-31T15:44:18+00:00","dateModified":"2021-10-31T15:44:18+00:00","description":"It is refined and separated, most easily by distillation, into a large number of consumer products.","breadcrumb":{"@id":"https:\/\/orpapaslanmaz.com\/solutions\/paslanmaz-cekme-dikissiz-boru\/#breadcrumb"},"inLanguage":"en-US","potentialAction":[{"@type":"ReadAction","target":["https:\/\/orpapaslanmaz.com\/solutions\/paslanmaz-cekme-dikissiz-boru\/"]}]},{"@type":"ImageObject","inLanguage":"en-US","@id":"https:\/\/orpapaslanmaz.com\/solutions\/paslanmaz-cekme-dikissiz-boru\/#primaryimage","url":"","contentUrl":""},{"@type":"BreadcrumbList","@id":"https:\/\/orpapaslanmaz.com\/solutions\/paslanmaz-cekme-dikissiz-boru\/#breadcrumb","itemListElement":[{"@type":"ListItem","position":1,"name":"Anasayfa","item":"https:\/\/orpapaslanmaz.com\/"},{"@type":"ListItem","position":2,"name":"Paslanmaz \u00c7elik \u00dcr\u00fcnler","item":"https:\/\/orpapaslanmaz.com\/solutions\/"},{"@type":"ListItem","position":3,"name":"Paslanmaz \u00c7ekme Diki\u015fsiz Boru"}]},{"@type":"WebSite","@id":"https:\/\/orpapaslanmaz.com\/#website","url":"https:\/\/orpapaslanmaz.com\/","name":"Orpa Stainless","description":"ORPA PASLANMAZ \u00c7EL\u0130K. - Paslanmaz \u00c7elik&#039;de G\u00fcvenilir \u00c7\u00f6z\u00fcm Orta\u011f\u0131n\u0131z. Reliable Solution Partner on Stainless Steel Products.","potentialAction":[{"@type":"SearchAction","target":{"@type":"EntryPoint","urlTemplate":"https:\/\/orpapaslanmaz.com\/?s={search_term_string}"},"query-input":"required name=search_term_string"}],"inLanguage":"en-US"}]}},"_links":{"self":[{"href":"https:\/\/orpapaslanmaz.com\/en\/wp-json\/wp\/v2\/pages\/70969","targetHints":{"allow":["GET"]}}],"collection":[{"href":"https:\/\/orpapaslanmaz.com\/en\/wp-json\/wp\/v2\/pages"}],"about":[{"href":"https:\/\/orpapaslanmaz.com\/en\/wp-json\/wp\/v2\/types\/page"}],"author":[{"embeddable":true,"href":"https:\/\/orpapaslanmaz.com\/en\/wp-json\/wp\/v2\/users\/1"}],"replies":[{"embeddable":true,"href":"https:\/\/orpapaslanmaz.com\/en\/wp-json\/wp\/v2\/comments?post=70969"}],"version-history":[{"count":0,"href":"https:\/\/orpapaslanmaz.com\/en\/wp-json\/wp\/v2\/pages\/70969\/revisions"}],"up":[{"embeddable":true,"href":"https:\/\/orpapaslanmaz.com\/en\/wp-json\/wp\/v2\/pages\/73"}],"wp:featuredmedia":[{"embeddable":true,"href":"https:\/\/orpapaslanmaz.com\/en\/wp-json\/"}],"wp:attachment":[{"href":"https:\/\/orpapaslanmaz.com\/en\/wp-json\/wp\/v2\/media?parent=70969"}],"curies":[{"name":"wp","href":"https:\/\/api.w.org\/{rel}","templated":true}]}}