{"id":71,"date":"2015-10-07T17:14:28","date_gmt":"2015-10-07T17:14:28","guid":{"rendered":"http:\/\/broker.commercegurus.com\/?page_id=71"},"modified":"2015-10-07T17:14:28","modified_gmt":"2015-10-07T17:14:28","slug":"testimonials","status":"publish","type":"page","link":"https:\/\/orpapaslanmaz.com\/en\/testimonials\/","title":{"rendered":"Testimonials"},"content":{"rendered":"<div class=\"cg-section\"><div class=\"vc_row wpb_row vc_row-fluid overflow-visible vc_custom_1451763469780\"><div class=\"container\"><div class=\"wpb_column vc_column_container vc_col-sm-2\"><div class=\"vc_column-inner\"><div class=\"wpb_wrapper\"><\/div><\/div><\/div><div class=\"wpb_column vc_column_container vc_col-sm-8\"><div class=\"vc_column-inner\"><div class=\"wpb_wrapper\"><p style=\"font-size: 40px;color: #333333;line-height: 50px;text-align: center\" class=\"vc_custom_heading lighter-weight vc_custom_1451775236907\" >Award winning results<\/p>\n\t<div class=\"wpb_text_column wpb_content_element\" >\n\t\t<div class=\"wpb_wrapper\">\n\t\t\t<p style=\"text-align: center;\"><span style=\"color: #999999;\">We partner your technical team with a hand picked Factory team, harnessing your expertise to ours, so we cover every step of a product\u2019s journey from the concept to the consumer.<\/span><\/p>\n\n\t\t<\/div>\n\t<\/div>\n<\/div><\/div><\/div><div class=\"wpb_column vc_column_container vc_col-sm-2\"><div class=\"vc_column-inner\"><div class=\"wpb_wrapper\"><\/div><\/div><\/div><\/div><\/div><\/div><div class=\"container\"><div class=\"vc_row wpb_row vc_row-fluid vc_custom_1451764030930\"><div class=\"wpb_column vc_column_container vc_col-sm-2\"><div class=\"vc_column-inner\"><div class=\"wpb_wrapper\"><\/div><\/div><\/div><div class=\"wpb_column vc_column_container vc_col-sm-8\"><div class=\"vc_column-inner\"><div class=\"wpb_wrapper\">\n\t<div  class=\"wpb_single_image wpb_content_element vc_align_center  vc_custom_1513590601510\">\n\t\t\n\t\t<figure class=\"wpb_wrapper vc_figure\">\n\t\t\t<div class=\"vc_single_image-wrapper   vc_box_border_grey\"><img loading=\"lazy\" decoding=\"async\" width=\"868\" height=\"202\" src=\"https:\/\/orpapaslanmaz.com\/wp-content\/uploads\/2017\/12\/868x202-1.png\" class=\"vc_single_image-img attachment-full\" alt=\"\" srcset=\"https:\/\/orpapaslanmaz.com\/wp-content\/uploads\/2017\/12\/868x202-1.png 868w, https:\/\/orpapaslanmaz.com\/wp-content\/uploads\/2017\/12\/868x202-1-300x70.png 300w, https:\/\/orpapaslanmaz.com\/wp-content\/uploads\/2017\/12\/868x202-1-768x179.png 768w\" sizes=\"auto, (max-width: 868px) 100vw, 868px\" \/><\/div>\n\t\t<\/figure>\n\t<\/div>\n\n\t<div class=\"wpb_text_column wpb_content_element\" >\n\t\t<div class=\"wpb_wrapper\">\n\t\t\t<h4 style=\"text-align: center;\"><span class=\"quote\">\u201c<\/span>Factory have always been responsive and helpful. I feel like I can call or email anytime and they will get back to me quickly.<span class=\"quote\">\u201d<\/span><\/h4>\n<p style=\"text-align: center;\">Sherman Engineering<\/p>\n\n\t\t<\/div>\n\t<\/div>\n<\/div><\/div><\/div><div class=\"wpb_column vc_column_container vc_col-sm-2\"><div class=\"vc_column-inner\"><div class=\"wpb_wrapper\"><\/div><\/div><\/div><\/div><\/div><div class=\"cg-section\"><div class=\"vc_row wpb_row vc_row-fluid vc_custom_1451763825349\"><div class=\"wpb_column vc_column_container vc_col-sm-12\"><div class=\"vc_column-inner vc_custom_1451763808886\"><div class=\"wpb_wrapper\">\n<div class=\"separator  normal\" style=\"background-color:#eeeeee;height:1px;\">\n<\/div>\n<\/div><\/div><\/div><\/div><\/div><div class=\"cg-section\"><div class=\"vc_row wpb_row vc_row-fluid vc_custom_1451775079464\"><div class=\"container\"><div class=\"testimonial wpb_column vc_column_container vc_col-sm-4\"><div class=\"vc_column-inner vc_custom_1446055807956\"><div class=\"wpb_wrapper\"><div class=\"vc_row wpb_row vc_inner vc_row-fluid vc_custom_1451763991326 vc_row-has-fill\"><div class=\"wpb_column vc_column_container vc_col-sm-12\"><div class=\"vc_column-inner vc_custom_1451774643723\"><div class=\"wpb_wrapper\">\n\t<div  class=\"wpb_single_image wpb_content_element vc_align_center  wpb_animate_when_almost_visible wpb_top-to-bottom top-to-bottom vc_custom_1513590493126\">\n\t\t\n\t\t<figure class=\"wpb_wrapper vc_figure\">\n\t\t\t<div class=\"vc_single_image-wrapper vc_box_circle  vc_box_border_grey\"><img loading=\"lazy\" decoding=\"async\" class=\"vc_single_image-img\" src=\"https:\/\/orpapaslanmaz.com\/wp-content\/uploads\/2017\/12\/260x260-1-130x130.png\" width=\"130\" height=\"130\" alt=\"260x260\" title=\"260x260\" \/><\/div>\n\t\t<\/figure>\n\t<\/div>\n\n\t<div class=\"wpb_text_column wpb_content_element  wpb_animate_when_almost_visible wpb_bottom-to-top bottom-to-top vc_custom_1451774922719\" >\n\t\t<div class=\"wpb_wrapper\">\n\t\t\t<h4 style=\"margin-top: 0px; margin-bottom: 3px; text-align: center;\">Peter McBride<\/h4>\n<h6 style=\"margin-top: 0px; margin-bottom: 10px; text-align: center;\"><span style=\"color: #999999;\">Drumond Engineering<\/span><\/h6>\n<p style=\"text-align: center;\"><span class=\"quote\">\u201c<\/span>In our industry a quick response time plus an attention to detail are of the utmost importance. Through the professionalism and expertise of their staff Factory have consistently provided an excellent service.<span class=\"quote\">\u201d<\/span><\/p>\n\n\t\t<\/div>\n\t<\/div>\n<\/div><\/div><\/div><\/div><\/div><\/div><\/div><div class=\"testimonial wpb_column vc_column_container vc_col-sm-4\"><div class=\"vc_column-inner vc_custom_1446055815577\"><div class=\"wpb_wrapper\"><div class=\"vc_row wpb_row vc_inner vc_row-fluid vc_custom_1451764003392 vc_row-has-fill\"><div class=\"wpb_column vc_column_container vc_col-sm-12\"><div class=\"vc_column-inner vc_custom_1451774655715\"><div class=\"wpb_wrapper\">\n\t<div  class=\"wpb_single_image wpb_content_element vc_align_center  wpb_animate_when_almost_visible wpb_top-to-bottom top-to-bottom vc_custom_1513590502929\">\n\t\t\n\t\t<figure class=\"wpb_wrapper vc_figure\">\n\t\t\t<div class=\"vc_single_image-wrapper vc_box_circle  vc_box_border_grey\"><img loading=\"lazy\" decoding=\"async\" class=\"vc_single_image-img\" src=\"https:\/\/orpapaslanmaz.com\/wp-content\/uploads\/2017\/12\/260x260-1-130x130.png\" width=\"130\" height=\"130\" alt=\"260x260\" title=\"260x260\" \/><\/div>\n\t\t<\/figure>\n\t<\/div>\n\n\t<div class=\"wpb_text_column wpb_content_element  wpb_animate_when_almost_visible wpb_bottom-to-top bottom-to-top vc_custom_1451774932819\" >\n\t\t<div class=\"wpb_wrapper\">\n\t\t\t<h4 style=\"margin-top: 0px; margin-bottom: 3px; text-align: center;\">Susan Greenfield<\/h4>\n<h6 style=\"margin-top: 0px; margin-bottom: 10px; text-align: center;\"><span style=\"color: #999999;\">Elliot Construction<\/span><\/h6>\n<p style=\"text-align: center;\"><span class=\"quote\">\u201c<\/span>Factory dealt with all of our project&#8217;s challenges in a competent, professional and safe manner and delivered the result on time and on budget &#8211; an outstanding job all round and highly recommended by us.<span class=\"quote\">\u201d<\/span><\/p>\n\n\t\t<\/div>\n\t<\/div>\n<\/div><\/div><\/div><\/div><\/div><\/div><\/div><div class=\"testimonial wpb_column vc_column_container vc_col-sm-4\"><div class=\"vc_column-inner vc_custom_1446055823707\"><div class=\"wpb_wrapper\"><div class=\"vc_row wpb_row vc_inner vc_row-fluid vc_custom_1451764014426 vc_row-has-fill\"><div class=\"wpb_column vc_column_container vc_col-sm-12\"><div class=\"vc_column-inner vc_custom_1451774663131\"><div class=\"wpb_wrapper\">\n\t<div  class=\"wpb_single_image wpb_content_element vc_align_center  wpb_animate_when_almost_visible wpb_top-to-bottom top-to-bottom vc_custom_1513590513656\">\n\t\t\n\t\t<figure class=\"wpb_wrapper vc_figure\">\n\t\t\t<div class=\"vc_single_image-wrapper vc_box_circle  vc_box_border_grey\"><img loading=\"lazy\" decoding=\"async\" class=\"vc_single_image-img\" src=\"https:\/\/orpapaslanmaz.com\/wp-content\/uploads\/2017\/12\/260x260-1-130x130.png\" width=\"130\" height=\"130\" alt=\"260x260\" title=\"260x260\" \/><\/div>\n\t\t<\/figure>\n\t<\/div>\n\n\t<div class=\"wpb_text_column wpb_content_element  wpb_animate_when_almost_visible wpb_bottom-to-top bottom-to-top vc_custom_1451774941778\" >\n\t\t<div class=\"wpb_wrapper\">\n\t\t\t<h4 style=\"margin-top: 0px; margin-bottom: 3px; text-align: center;\">Mike Buckley<\/h4>\n<h6 style=\"margin-top: 0px; margin-bottom: 10px; text-align: center;\"><span style=\"color: #999999;\">Yorke Manufacturing<\/span><\/h6>\n<p style=\"text-align: center;\"><span class=\"quote\">\u201c<\/span>Working with Factory for the last 7 years has been an absolute pleasure. It has given everyone at Yorke immense satisfaction to watch them grow year on year and maintain their earnest dedication to excellence.<span class=\"quote\">\u201d<\/span><\/p>\n\n\t\t<\/div>\n\t<\/div>\n<\/div><\/div><\/div><\/div><\/div><\/div><\/div><\/div><\/div><\/div><div class=\"cg-section\"><div class=\"vc_row wpb_row vc_row-fluid overflow-visible vc_custom_1451764073278 vc_row-has-fill\"><div class=\"container\"><div class=\"wpb_column vc_column_container vc_col-sm-2\"><div class=\"vc_column-inner\"><div class=\"wpb_wrapper\"><\/div><\/div><\/div><div class=\"wpb_column vc_column_container vc_col-sm-8\"><div class=\"vc_column-inner\"><div class=\"wpb_wrapper\">\n\t<div class=\"wpb_text_column wpb_content_element\" >\n\t\t<div class=\"wpb_wrapper\">\n\t\t\t<h3 style=\"text-align: center;\">Become one of the many firms who use Factory<\/h3>\n<p style=\"text-align: center;\"><span style=\"color: #999999;\">Our passion is in making, our expertise is in engineering. From startups to Fortune 500s, we consult on product testing and design for mass production.<\/span><\/p>\n<p style=\"text-align: center;\"><a class=\"more-link large\" href=\"#\">Get a Quote<\/a><\/p>\n\n\t\t<\/div>\n\t<\/div>\n<\/div><\/div><\/div><div class=\"wpb_column vc_column_container vc_col-sm-2\"><div class=\"vc_column-inner\"><div class=\"wpb_wrapper\"><\/div><\/div><\/div><\/div><\/div><\/div>","protected":false},"excerpt":{"rendered":"Award winning results We partner your technical team with a hand picked Factory team, harnessing your expertise to ours, so we cover every step of a product\u2019s journey from the concept to the consumer. \u201cFactory have always been responsive and helpful. I feel like I can call or email anytime and they will get back [...]","protected":false},"author":1,"featured_media":70802,"parent":0,"menu_order":0,"comment_status":"closed","ping_status":"closed","template":"page-full-width.php","meta":{"_acf_changed":false,"footnotes":""},"class_list":["post-71","page","type-page","status-publish","has-post-thumbnail","hentry"],"acf":[],"yoast_head":"<!-- This site is optimized with the Yoast SEO plugin v23.0 - https:\/\/yoast.com\/wordpress\/plugins\/seo\/ -->\n<title>Testimonials - Orpa Paslanmaz<\/title>\n<meta name=\"description\" content=\"We cover every step of a product\u2019s journey from the concept to the consumer.\" \/>\n<meta name=\"robots\" content=\"index, follow, max-snippet:-1, max-image-preview:large, max-video-preview:-1\" \/>\n<link rel=\"canonical\" href=\"https:\/\/orpapaslanmaz.com\/en\/testimonials\/\" \/>\n<meta property=\"og:locale\" content=\"en_US\" \/>\n<meta property=\"og:type\" content=\"article\" \/>\n<meta property=\"og:title\" content=\"Testimonials - Orpa Paslanmaz\" \/>\n<meta property=\"og:description\" content=\"We cover every step of a product\u2019s journey from the concept to the consumer.\" \/>\n<meta property=\"og:url\" content=\"https:\/\/orpapaslanmaz.com\/en\/testimonials\/\" \/>\n<meta property=\"og:site_name\" content=\"Orpa Paslanmaz\" \/>\n<meta name=\"twitter:card\" content=\"summary_large_image\" \/>\n<meta name=\"twitter:label1\" content=\"Est. reading time\" \/>\n\t<meta name=\"twitter:data1\" content=\"4 minutes\" \/>\n<script type=\"application\/ld+json\" class=\"yoast-schema-graph\">{\"@context\":\"https:\/\/schema.org\",\"@graph\":[{\"@type\":\"WebPage\",\"@id\":\"https:\/\/orpapaslanmaz.com\/testimonials\/\",\"url\":\"https:\/\/orpapaslanmaz.com\/testimonials\/\",\"name\":\"Testimonials - Orpa Paslanmaz\",\"isPartOf\":{\"@id\":\"https:\/\/orpapaslanmaz.com\/#website\"},\"primaryImageOfPage\":{\"@id\":\"https:\/\/orpapaslanmaz.com\/testimonials\/#primaryimage\"},\"image\":{\"@id\":\"https:\/\/orpapaslanmaz.com\/testimonials\/#primaryimage\"},\"thumbnailUrl\":\"\",\"datePublished\":\"2015-10-07T17:14:28+00:00\",\"dateModified\":\"2015-10-07T17:14:28+00:00\",\"description\":\"We cover every step of a product\u2019s journey from the concept to the consumer.\",\"breadcrumb\":{\"@id\":\"https:\/\/orpapaslanmaz.com\/testimonials\/#breadcrumb\"},\"inLanguage\":\"en-US\",\"potentialAction\":[{\"@type\":\"ReadAction\",\"target\":[\"https:\/\/orpapaslanmaz.com\/testimonials\/\"]}]},{\"@type\":\"ImageObject\",\"inLanguage\":\"en-US\",\"@id\":\"https:\/\/orpapaslanmaz.com\/testimonials\/#primaryimage\",\"url\":\"\",\"contentUrl\":\"\"},{\"@type\":\"BreadcrumbList\",\"@id\":\"https:\/\/orpapaslanmaz.com\/testimonials\/#breadcrumb\",\"itemListElement\":[{\"@type\":\"ListItem\",\"position\":1,\"name\":\"Anasayfa\",\"item\":\"https:\/\/orpapaslanmaz.com\/\"},{\"@type\":\"ListItem\",\"position\":2,\"name\":\"Testimonials\"}]},{\"@type\":\"WebSite\",\"@id\":\"https:\/\/orpapaslanmaz.com\/#website\",\"url\":\"https:\/\/orpapaslanmaz.com\/\",\"name\":\"Orpa Paslanmaz\",\"description\":\"ORPA PASLANMAZ \u00c7EL\u0130K. - Paslanmaz \u00c7elik&#039;de G\u00fcvenilir \u00c7\u00f6z\u00fcm Orta\u011f\u0131n\u0131z. Reliable Solution Partner on Stainless Steel Products.\",\"potentialAction\":[{\"@type\":\"SearchAction\",\"target\":{\"@type\":\"EntryPoint\",\"urlTemplate\":\"https:\/\/orpapaslanmaz.com\/?s={search_term_string}\"},\"query-input\":\"required name=search_term_string\"}],\"inLanguage\":\"en-US\"}]}<\/script>\n<!-- \/ Yoast SEO plugin. -->","yoast_head_json":{"title":"Testimonials - Orpa Paslanmaz","description":"We cover every step of a product\u2019s journey from the concept to the consumer.","robots":{"index":"index","follow":"follow","max-snippet":"max-snippet:-1","max-image-preview":"max-image-preview:large","max-video-preview":"max-video-preview:-1"},"canonical":"https:\/\/orpapaslanmaz.com\/en\/testimonials\/","og_locale":"en_US","og_type":"article","og_title":"Testimonials - Orpa Paslanmaz","og_description":"We cover every step of a product\u2019s journey from the concept to the consumer.","og_url":"https:\/\/orpapaslanmaz.com\/en\/testimonials\/","og_site_name":"Orpa Paslanmaz","twitter_card":"summary_large_image","twitter_misc":{"Est. reading time":"4 minutes"},"schema":{"@context":"https:\/\/schema.org","@graph":[{"@type":"WebPage","@id":"https:\/\/orpapaslanmaz.com\/testimonials\/","url":"https:\/\/orpapaslanmaz.com\/testimonials\/","name":"Testimonials - Orpa Paslanmaz","isPartOf":{"@id":"https:\/\/orpapaslanmaz.com\/#website"},"primaryImageOfPage":{"@id":"https:\/\/orpapaslanmaz.com\/testimonials\/#primaryimage"},"image":{"@id":"https:\/\/orpapaslanmaz.com\/testimonials\/#primaryimage"},"thumbnailUrl":"","datePublished":"2015-10-07T17:14:28+00:00","dateModified":"2015-10-07T17:14:28+00:00","description":"We cover every step of a product\u2019s journey from the concept to the consumer.","breadcrumb":{"@id":"https:\/\/orpapaslanmaz.com\/testimonials\/#breadcrumb"},"inLanguage":"en-US","potentialAction":[{"@type":"ReadAction","target":["https:\/\/orpapaslanmaz.com\/testimonials\/"]}]},{"@type":"ImageObject","inLanguage":"en-US","@id":"https:\/\/orpapaslanmaz.com\/testimonials\/#primaryimage","url":"","contentUrl":""},{"@type":"BreadcrumbList","@id":"https:\/\/orpapaslanmaz.com\/testimonials\/#breadcrumb","itemListElement":[{"@type":"ListItem","position":1,"name":"Anasayfa","item":"https:\/\/orpapaslanmaz.com\/"},{"@type":"ListItem","position":2,"name":"Testimonials"}]},{"@type":"WebSite","@id":"https:\/\/orpapaslanmaz.com\/#website","url":"https:\/\/orpapaslanmaz.com\/","name":"Orpa Stainless","description":"ORPA PASLANMAZ \u00c7EL\u0130K. - Paslanmaz \u00c7elik&#039;de G\u00fcvenilir \u00c7\u00f6z\u00fcm Orta\u011f\u0131n\u0131z. Reliable Solution Partner on Stainless Steel Products.","potentialAction":[{"@type":"SearchAction","target":{"@type":"EntryPoint","urlTemplate":"https:\/\/orpapaslanmaz.com\/?s={search_term_string}"},"query-input":"required name=search_term_string"}],"inLanguage":"en-US"}]}},"_links":{"self":[{"href":"https:\/\/orpapaslanmaz.com\/en\/wp-json\/wp\/v2\/pages\/71","targetHints":{"allow":["GET"]}}],"collection":[{"href":"https:\/\/orpapaslanmaz.com\/en\/wp-json\/wp\/v2\/pages"}],"about":[{"href":"https:\/\/orpapaslanmaz.com\/en\/wp-json\/wp\/v2\/types\/page"}],"author":[{"embeddable":true,"href":"https:\/\/orpapaslanmaz.com\/en\/wp-json\/wp\/v2\/users\/1"}],"replies":[{"embeddable":true,"href":"https:\/\/orpapaslanmaz.com\/en\/wp-json\/wp\/v2\/comments?post=71"}],"version-history":[{"count":0,"href":"https:\/\/orpapaslanmaz.com\/en\/wp-json\/wp\/v2\/pages\/71\/revisions"}],"wp:featuredmedia":[{"embeddable":true,"href":"https:\/\/orpapaslanmaz.com\/en\/wp-json\/"}],"wp:attachment":[{"href":"https:\/\/orpapaslanmaz.com\/en\/wp-json\/wp\/v2\/media?parent=71"}],"curies":[{"name":"wp","href":"https:\/\/api.w.org\/{rel}","templated":true}]}}