{"id":71002,"date":"2021-10-31T23:44:45","date_gmt":"2021-10-31T20:44:45","guid":{"rendered":"http:\/\/orpapaslanmaz.com\/?page_id=71002"},"modified":"2021-10-31T23:58:55","modified_gmt":"2021-10-31T20:58:55","slug":"hakkimizda","status":"publish","type":"page","link":"https:\/\/orpapaslanmaz.com\/en\/hakkimizda\/","title":{"rendered":"About Us"},"content":{"rendered":"<div class=\"container\"><div class=\"vc_row wpb_row vc_row-fluid vc_custom_1451761032806\"><div class=\"wpb_column vc_column_container vc_col-sm-6\"><div class=\"vc_column-inner vc_custom_1449147431196\"><div class=\"wpb_wrapper\">\n\t<div class=\"wpb_text_column wpb_content_element  vc_custom_1635713126776\" >\n\t\t<div class=\"wpb_wrapper\">\n\t\t\t<p>Orpa Stainless offers the engineering solutions it has developed with more than 30 years of experience and expertise in the stainless steel industry, primarily customer satisfaction, as well as hardware and support services.<\/p>\n<p>Orpa Stainless develops its know-how in cutting technology by closely following trends and innovations, incorporates innovations into its existing products and applications, thus continues to produce projects that will respond to the needs of businesses and based on up-to-date, trouble-free and absolute customer satisfaction.<\/p>\n<p>Orpa Stainless carefully controls the reliability of its worldwide product suppliers in order to inspect and guarantee the quality in accordance with European standards at any time.<\/p>\n<p>Orpa Stainless carefully controls the reliability of its worldwide product suppliers in order to inspect and guarantee the quality in accordance with European standards at any time.<\/p>\n\n\t\t<\/div>\n\t<\/div>\n<\/div><\/div><\/div><div class=\"wpb_column vc_column_container vc_col-sm-6\"><div class=\"vc_column-inner vc_custom_1451760818909\"><div class=\"wpb_wrapper\">\n\t<div  class=\"wpb_single_image wpb_content_element vc_align_left\">\n\t\t\n\t\t<figure class=\"wpb_wrapper vc_figure\">\n\t\t\t<div class=\"vc_single_image-wrapper   vc_box_border_grey\"><img loading=\"lazy\" decoding=\"async\" width=\"650\" height=\"450\" src=\"https:\/\/orpapaslanmaz.com\/wp-content\/uploads\/2021\/10\/orpa-logo-650x450-1.png\" class=\"vc_single_image-img attachment-full\" alt=\"\" srcset=\"https:\/\/orpapaslanmaz.com\/wp-content\/uploads\/2021\/10\/orpa-logo-650x450-1.png 650w, https:\/\/orpapaslanmaz.com\/wp-content\/uploads\/2021\/10\/orpa-logo-650x450-1-300x208.png 300w\" sizes=\"auto, (max-width: 650px) 100vw, 650px\" \/><\/div>\n\t\t<\/figure>\n\t<\/div>\n<\/div><\/div><\/div><\/div><\/div><div class=\"cg-section\"><div class=\"vc_row wpb_row vc_row-fluid vc_custom_1451760849278 vc_row-has-fill\"><div class=\"container\"><div class=\"wpb_column vc_column_container vc_col-sm-2\"><div class=\"vc_column-inner\"><div class=\"wpb_wrapper\"><\/div><\/div><\/div><div class=\"wpb_column vc_column_container vc_col-sm-8\"><div class=\"vc_column-inner\"><div class=\"wpb_wrapper\">\n\t<div class=\"wpb_text_column wpb_content_element\" >\n\t\t<div class=\"wpb_wrapper\">\n\t\t\t<h3 style=\"text-align: center;\"><span class=\"quote\">\u201c<\/span>Our greatest passion is to provide our valued customers with quality products in accordance with European Standards.<span class=\"quote\">\u201d<\/span><\/h3>\n\n\t\t<\/div>\n\t<\/div>\n<\/div><\/div><\/div><div class=\"wpb_column vc_column_container vc_col-sm-2\"><div class=\"vc_column-inner\"><div class=\"wpb_wrapper\"><\/div><\/div><\/div><\/div><\/div><\/div>","protected":false},"excerpt":{"rendered":"Orpa Paslanmaz, paslanmaz \u00e7elik sekt\u00f6r\u00fcndeki 30 y\u0131la a\u015fk\u0131n birikim ve uzmanl\u0131\u011f\u0131 ile geli\u015ftirdi\u011fi m\u00fchendislik \u00e7\u00f6z\u00fcmlerini \u00f6nce m\u00fc\u015fteri memnuniyeti olmak \u00fczere, donan\u0131m ve destek hizmetlerini de i\u015fletmelerin hizmetine sunmaktad\u0131r. Hizmet sekt\u00f6r\u00fcnde faaliyet g\u00f6steren i\u015fletmelerin talep ve ihtiya\u00e7lar\u0131, rekabet ve t\u00fcketicilerin beklentileri do\u011frultusunda g\u00fcnden g\u00fcnde farkl\u0131la\u015fmaktad\u0131r. Orpa Paslanmaz, kesim teknolojisi konusundaki know-how\u2019\u0131n\u0131 trend ve yenilikleri yak\u0131ndan takip [...]","protected":false},"author":1,"featured_media":70780,"parent":0,"menu_order":0,"comment_status":"closed","ping_status":"closed","template":"page-full-width.php","meta":{"_acf_changed":false,"footnotes":""},"class_list":["post-71002","page","type-page","status-publish","has-post-thumbnail","hentry"],"acf":[],"yoast_head":"<!-- This site is optimized with the Yoast SEO plugin v23.0 - https:\/\/yoast.com\/wordpress\/plugins\/seo\/ -->\n<title>Hakk\u0131m\u0131zda - Orpa Paslanmaz<\/title>\n<meta name=\"description\" content=\"We work on the cusp of innovation and technology to take products from an idea all the way to the end consumer.\" \/>\n<meta name=\"robots\" content=\"index, follow, max-snippet:-1, max-image-preview:large, max-video-preview:-1\" \/>\n<link rel=\"canonical\" href=\"https:\/\/orpapaslanmaz.com\/en\/hakkimizda\/\" \/>\n<meta property=\"og:locale\" content=\"en_US\" \/>\n<meta property=\"og:type\" content=\"article\" \/>\n<meta property=\"og:title\" content=\"Hakk\u0131m\u0131zda - Orpa Paslanmaz\" \/>\n<meta property=\"og:description\" content=\"We work on the cusp of innovation and technology to take products from an idea all the way to the end consumer.\" \/>\n<meta property=\"og:url\" content=\"https:\/\/orpapaslanmaz.com\/en\/hakkimizda\/\" \/>\n<meta property=\"og:site_name\" content=\"Orpa Paslanmaz\" \/>\n<meta property=\"article:modified_time\" content=\"2021-10-31T20:58:55+00:00\" \/>\n<meta name=\"twitter:card\" content=\"summary_large_image\" \/>\n<meta name=\"twitter:label1\" content=\"Est. reading time\" \/>\n\t<meta name=\"twitter:data1\" content=\"2 minutes\" \/>\n<script type=\"application\/ld+json\" class=\"yoast-schema-graph\">{\"@context\":\"https:\/\/schema.org\",\"@graph\":[{\"@type\":\"WebPage\",\"@id\":\"https:\/\/orpapaslanmaz.com\/hakkimizda\/\",\"url\":\"https:\/\/orpapaslanmaz.com\/hakkimizda\/\",\"name\":\"Hakk\u0131m\u0131zda - Orpa Paslanmaz\",\"isPartOf\":{\"@id\":\"https:\/\/orpapaslanmaz.com\/#website\"},\"primaryImageOfPage\":{\"@id\":\"https:\/\/orpapaslanmaz.com\/hakkimizda\/#primaryimage\"},\"image\":{\"@id\":\"https:\/\/orpapaslanmaz.com\/hakkimizda\/#primaryimage\"},\"thumbnailUrl\":\"\",\"datePublished\":\"2021-10-31T20:44:45+00:00\",\"dateModified\":\"2021-10-31T20:58:55+00:00\",\"description\":\"We work on the cusp of innovation and technology to take products from an idea all the way to the end consumer.\",\"breadcrumb\":{\"@id\":\"https:\/\/orpapaslanmaz.com\/hakkimizda\/#breadcrumb\"},\"inLanguage\":\"en-US\",\"potentialAction\":[{\"@type\":\"ReadAction\",\"target\":[\"https:\/\/orpapaslanmaz.com\/hakkimizda\/\"]}]},{\"@type\":\"ImageObject\",\"inLanguage\":\"en-US\",\"@id\":\"https:\/\/orpapaslanmaz.com\/hakkimizda\/#primaryimage\",\"url\":\"\",\"contentUrl\":\"\"},{\"@type\":\"BreadcrumbList\",\"@id\":\"https:\/\/orpapaslanmaz.com\/hakkimizda\/#breadcrumb\",\"itemListElement\":[{\"@type\":\"ListItem\",\"position\":1,\"name\":\"Anasayfa\",\"item\":\"https:\/\/orpapaslanmaz.com\/\"},{\"@type\":\"ListItem\",\"position\":2,\"name\":\"Hakk\u0131m\u0131zda\"}]},{\"@type\":\"WebSite\",\"@id\":\"https:\/\/orpapaslanmaz.com\/#website\",\"url\":\"https:\/\/orpapaslanmaz.com\/\",\"name\":\"Orpa Paslanmaz\",\"description\":\"ORPA PASLANMAZ \u00c7EL\u0130K. - Paslanmaz \u00c7elik&#039;de G\u00fcvenilir \u00c7\u00f6z\u00fcm Orta\u011f\u0131n\u0131z. Reliable Solution Partner on Stainless Steel Products.\",\"potentialAction\":[{\"@type\":\"SearchAction\",\"target\":{\"@type\":\"EntryPoint\",\"urlTemplate\":\"https:\/\/orpapaslanmaz.com\/?s={search_term_string}\"},\"query-input\":\"required name=search_term_string\"}],\"inLanguage\":\"en-US\"}]}<\/script>\n<!-- \/ Yoast SEO plugin. -->","yoast_head_json":{"title":"Hakk\u0131m\u0131zda - Orpa Paslanmaz","description":"We work on the cusp of innovation and technology to take products from an idea all the way to the end consumer.","robots":{"index":"index","follow":"follow","max-snippet":"max-snippet:-1","max-image-preview":"max-image-preview:large","max-video-preview":"max-video-preview:-1"},"canonical":"https:\/\/orpapaslanmaz.com\/en\/hakkimizda\/","og_locale":"en_US","og_type":"article","og_title":"Hakk\u0131m\u0131zda - Orpa Paslanmaz","og_description":"We work on the cusp of innovation and technology to take products from an idea all the way to the end consumer.","og_url":"https:\/\/orpapaslanmaz.com\/en\/hakkimizda\/","og_site_name":"Orpa Paslanmaz","article_modified_time":"2021-10-31T20:58:55+00:00","twitter_card":"summary_large_image","twitter_misc":{"Est. reading time":"2 minutes"},"schema":{"@context":"https:\/\/schema.org","@graph":[{"@type":"WebPage","@id":"https:\/\/orpapaslanmaz.com\/hakkimizda\/","url":"https:\/\/orpapaslanmaz.com\/hakkimizda\/","name":"Hakk\u0131m\u0131zda - Orpa Paslanmaz","isPartOf":{"@id":"https:\/\/orpapaslanmaz.com\/#website"},"primaryImageOfPage":{"@id":"https:\/\/orpapaslanmaz.com\/hakkimizda\/#primaryimage"},"image":{"@id":"https:\/\/orpapaslanmaz.com\/hakkimizda\/#primaryimage"},"thumbnailUrl":"","datePublished":"2021-10-31T20:44:45+00:00","dateModified":"2021-10-31T20:58:55+00:00","description":"We work on the cusp of innovation and technology to take products from an idea all the way to the end consumer.","breadcrumb":{"@id":"https:\/\/orpapaslanmaz.com\/hakkimizda\/#breadcrumb"},"inLanguage":"en-US","potentialAction":[{"@type":"ReadAction","target":["https:\/\/orpapaslanmaz.com\/hakkimizda\/"]}]},{"@type":"ImageObject","inLanguage":"en-US","@id":"https:\/\/orpapaslanmaz.com\/hakkimizda\/#primaryimage","url":"","contentUrl":""},{"@type":"BreadcrumbList","@id":"https:\/\/orpapaslanmaz.com\/hakkimizda\/#breadcrumb","itemListElement":[{"@type":"ListItem","position":1,"name":"Anasayfa","item":"https:\/\/orpapaslanmaz.com\/"},{"@type":"ListItem","position":2,"name":"Hakk\u0131m\u0131zda"}]},{"@type":"WebSite","@id":"https:\/\/orpapaslanmaz.com\/#website","url":"https:\/\/orpapaslanmaz.com\/","name":"Orpa Stainless","description":"ORPA PASLANMAZ \u00c7EL\u0130K. - Paslanmaz \u00c7elik&#039;de G\u00fcvenilir \u00c7\u00f6z\u00fcm Orta\u011f\u0131n\u0131z. Reliable Solution Partner on Stainless Steel Products.","potentialAction":[{"@type":"SearchAction","target":{"@type":"EntryPoint","urlTemplate":"https:\/\/orpapaslanmaz.com\/?s={search_term_string}"},"query-input":"required name=search_term_string"}],"inLanguage":"en-US"}]}},"_links":{"self":[{"href":"https:\/\/orpapaslanmaz.com\/en\/wp-json\/wp\/v2\/pages\/71002","targetHints":{"allow":["GET"]}}],"collection":[{"href":"https:\/\/orpapaslanmaz.com\/en\/wp-json\/wp\/v2\/pages"}],"about":[{"href":"https:\/\/orpapaslanmaz.com\/en\/wp-json\/wp\/v2\/types\/page"}],"author":[{"embeddable":true,"href":"https:\/\/orpapaslanmaz.com\/en\/wp-json\/wp\/v2\/users\/1"}],"replies":[{"embeddable":true,"href":"https:\/\/orpapaslanmaz.com\/en\/wp-json\/wp\/v2\/comments?post=71002"}],"version-history":[{"count":0,"href":"https:\/\/orpapaslanmaz.com\/en\/wp-json\/wp\/v2\/pages\/71002\/revisions"}],"wp:featuredmedia":[{"embeddable":true,"href":"https:\/\/orpapaslanmaz.com\/en\/wp-json\/"}],"wp:attachment":[{"href":"https:\/\/orpapaslanmaz.com\/en\/wp-json\/wp\/v2\/media?parent=71002"}],"curies":[{"name":"wp","href":"https:\/\/api.w.org\/{rel}","templated":true}]}}