{"id":71011,"date":"2021-11-01T22:14:27","date_gmt":"2021-11-01T19:14:27","guid":{"rendered":"http:\/\/orpapaslanmaz.com\/?page_id=71011"},"modified":"2021-11-01T22:41:18","modified_gmt":"2021-11-01T19:41:18","slug":"contact-2","status":"publish","type":"page","link":"https:\/\/orpapaslanmaz.com\/en\/contact-2\/","title":{"rendered":"Contact"},"content":{"rendered":"<div class=\"container\"><div class=\"vc_row wpb_row vc_row-fluid vc_custom_1451776271409\"><div class=\"wpb_column vc_column_container vc_col-sm-4\"><div class=\"vc_column-inner\"><div class=\"wpb_wrapper\">\n\t<div class=\"wpb_text_column wpb_content_element  vc_custom_1635794148049\" >\n\t\t<div class=\"wpb_wrapper\">\n\t\t\t<p><span style=\"color: #000000;\"><i class=\"fas fa-map-marker-alt\"><\/i> \u00a0 <strong>Address<\/strong><\/span><\/p>\n\n\t\t<\/div>\n\t<\/div>\n\n\t<div class=\"wpb_text_column wpb_content_element  vc_custom_1635794417159\" >\n\t\t<div class=\"wpb_wrapper\">\n\t\t\t<p><span style=\"color: #000000;\">Atat\u00fcrk Mah. Komsan \u00dcst\u00fc Yolu Cad. Quality Residance No: 4\/158 <\/span><\/p>\n<p><span style=\"color: #000000;\">K\u00fc\u00e7\u00fck\u00e7ekmece\/\u0130stanbul<\/span><\/p>\n\n\t\t<\/div>\n\t<\/div>\n<\/div><\/div><\/div><div class=\"wpb_column vc_column_container vc_col-sm-4\"><div class=\"vc_column-inner\"><div class=\"wpb_wrapper\">\n\t<div class=\"wpb_text_column wpb_content_element  vc_custom_1635794212848\" >\n\t\t<div class=\"wpb_wrapper\">\n\t\t\t<p><span style=\"color: #000000;\"><i class=\"ion-ios-email-outline\" style=\"font-size: 24px; position: relative; bottom: -3px;\"><\/i> \u00a0 <strong>E-Mail<\/strong><\/span><\/p>\n\n\t\t<\/div>\n\t<\/div>\n\n\t<div class=\"wpb_text_column wpb_content_element  vc_custom_1635794257201\" >\n\t\t<div class=\"wpb_wrapper\">\n\t\t\t<p><span style=\"color: #000000;\">All e-mails are answered within 24 hours.<\/span><\/p>\n<p><strong><span style=\"color: #000000;\"><a style=\"color: #000000;\" href=\"#\">orpa@orpapaslanmaz.com<\/a><\/span><\/strong><\/p>\n\n\t\t<\/div>\n\t<\/div>\n<\/div><\/div><\/div><div class=\"wpb_column vc_column_container vc_col-sm-4\"><div class=\"vc_column-inner\"><div class=\"wpb_wrapper\">\n\t<div class=\"wpb_text_column wpb_content_element  vc_custom_1635794275183\" >\n\t\t<div class=\"wpb_wrapper\">\n\t\t\t<p><span style=\"color: #000000;\"><i class=\"ion-ios-chatboxes-outline\" style=\"font-size: 24px; position: relative; bottom: -3px;\"><\/i> \u00a0 <strong>Phone<\/strong><\/span><\/p>\n\n\t\t<\/div>\n\t<\/div>\n\n\t<div class=\"wpb_text_column wpb_content_element  vc_custom_1635794326262\" >\n\t\t<div class=\"wpb_wrapper\">\n\t\t\t<p><span style=\"color: #000000;\">You can reach us by phone between 09:00 \u2013 18:00 on weekdays.<\/span><\/p>\n<p><strong><span style=\"color: #000000;\">0212 809 68 28<\/span><\/strong><\/p>\n\n\t\t<\/div>\n\t<\/div>\n<\/div><\/div><\/div><\/div><\/div><div class=\"container\"><div class=\"vc_row wpb_row vc_row-fluid vc_custom_1448451830391\"><div class=\"wpb_column vc_column_container vc_col-sm-12\"><div class=\"vc_column-inner\"><div class=\"wpb_wrapper\">\n<div class=\"separator  normal\" style=\"background-color:#eeeeee;height:1px;\">\n<\/div>\n<\/div><\/div><\/div><\/div><\/div><div class=\"container\"><div class=\"vc_row wpb_row vc_row-fluid vc_custom_1451759375078\"><div class=\"wpb_column vc_column_container vc_col-sm-2\"><div class=\"vc_column-inner\"><div class=\"wpb_wrapper\"><\/div><\/div><\/div><div class=\"wpb_column vc_column_container vc_col-sm-8\"><div class=\"vc_column-inner\"><div class=\"wpb_wrapper\">\n\t<div class=\"wpb_text_column wpb_content_element\" >\n\t\t<div class=\"wpb_wrapper\">\n\t\t\t<h3 style=\"text-align: center;\">Request a Quote<\/h3>\n<p style=\"text-align: center;\">You can request a quote from us by filling out the form below. We will share our offer with you within 24 hours.<\/p>\n\n\t\t<\/div>\n\t<\/div>\n<\/div><\/div><\/div><div class=\"wpb_column vc_column_container vc_col-sm-2\"><div class=\"vc_column-inner\"><div class=\"wpb_wrapper\"><\/div><\/div><\/div><\/div><\/div><div class=\"container\"><div class=\"vc_row wpb_row vc_row-fluid vc_custom_1448452133315\"><div class=\"wpb_column vc_column_container vc_col-sm-12\"><div class=\"vc_column-inner vc_custom_1445110591475\"><div class=\"wpb_wrapper\">\n<div class=\"wpcf7 no-js\" id=\"wpcf7-f70622-o1\" lang=\"en-US\" dir=\"ltr\" data-wpcf7-id=\"70622\">\n<div class=\"screen-reader-response\"><p role=\"status\" aria-live=\"polite\" aria-atomic=\"true\"><\/p> <ul><\/ul><\/div>\n<form action=\"\/en\/wp-json\/wp\/v2\/pages\/71011#wpcf7-f70622-o1\" method=\"post\" class=\"wpcf7-form init\" aria-label=\"Contact form\" novalidate=\"novalidate\" data-status=\"init\" data-trp-original-action=\"\/en\/wp-json\/wp\/v2\/pages\/71011#wpcf7-f70622-o1\">\n<div style=\"display: none;\">\n<input type=\"hidden\" name=\"_wpcf7\" value=\"70622\" \/>\n<input type=\"hidden\" name=\"_wpcf7_version\" value=\"6.0.6\" \/>\n<input type=\"hidden\" name=\"_wpcf7_locale\" value=\"en_US\" \/>\n<input type=\"hidden\" name=\"_wpcf7_unit_tag\" value=\"wpcf7-f70622-o1\" \/>\n<input type=\"hidden\" name=\"_wpcf7_container_post\" value=\"0\" \/>\n<input type=\"hidden\" name=\"_wpcf7_posted_data_hash\" value=\"\" \/>\n<input type=\"hidden\" name=\"_wpcf7_recaptcha_response\" value=\"\" \/>\n<\/div>\n<div class=\"row\">\n\t<div class=\"col-lg-6 col-md-6\">\n\t\t<p>Name - Surname (required)\n\t\t<\/p>\n\t\t<p><span class=\"wpcf7-form-control-wrap\" data-name=\"your-name\"><input size=\"40\" maxlength=\"400\" class=\"wpcf7-form-control wpcf7-text wpcf7-validates-as-required\" aria-required=\"true\" aria-invalid=\"false\" value=\"\" type=\"text\" name=\"your-name\" \/><\/span>\n\t\t<\/p>\n\t\t<p>E-Mail Address (required)\n\t\t<\/p>\n\t\t<p><span class=\"wpcf7-form-control-wrap\" data-name=\"your-email\"><input size=\"40\" maxlength=\"400\" class=\"wpcf7-form-control wpcf7-email wpcf7-validates-as-required wpcf7-text wpcf7-validates-as-email\" aria-required=\"true\" aria-invalid=\"false\" value=\"\" type=\"email\" name=\"your-email\" \/><\/span>\n\t\t<\/p>\n\t\t<p>Phone Number (required)\n\t\t<\/p>\n\t\t<p><span class=\"wpcf7-form-control-wrap\" data-name=\"your-phone\"><input size=\"40\" maxlength=\"400\" class=\"wpcf7-form-control wpcf7-tel wpcf7-validates-as-required wpcf7-text wpcf7-validates-as-tel\" aria-required=\"true\" aria-invalid=\"false\" value=\"\" type=\"tel\" name=\"your-phone\" \/><\/span>\n\t\t<\/p>\n\t\t<p>Your Company Name\n\t\t<\/p>\n\t\t<p><span class=\"wpcf7-form-control-wrap\" data-name=\"company-name\"><input size=\"40\" maxlength=\"400\" class=\"wpcf7-form-control wpcf7-text\" aria-invalid=\"false\" value=\"\" type=\"text\" name=\"company-name\" \/><\/span>\n\t\t<\/p>\n\t<\/div>\n\t<div class=\"col-lg-6 col-md-6\">\n\t\t<p>Title <span class=\"hint\">What offer do you want?<\/span>\n\t\t<\/p>\n\t\t<p><span class=\"wpcf7-form-control-wrap\" data-name=\"your-subject\"><input size=\"40\" maxlength=\"400\" class=\"wpcf7-form-control wpcf7-text\" aria-invalid=\"false\" value=\"\" type=\"text\" name=\"your-subject\" \/><\/span>\n\t\t<\/p>\n\t\t<p>Detail\n\t\t<\/p>\n\t\t<p><span class=\"wpcf7-form-control-wrap\" data-name=\"your-message\"><textarea cols=\"40\" rows=\"10\" maxlength=\"2000\" class=\"wpcf7-form-control wpcf7-textarea\" aria-invalid=\"false\" name=\"your-message\"><\/textarea><\/span>\n\t\t<\/p>\n\t<\/div>\n<\/div>\n<p><input class=\"wpcf7-form-control wpcf7-submit has-spinner\" type=\"submit\" value=\"Send\" \/>\n<\/p><div class=\"wpcf7-response-output\" aria-hidden=\"true\"><\/div>\n<input type=\"hidden\" name=\"trp-form-language\" value=\"en\"\/><\/form>\n<\/div>\n<\/div><\/div><\/div><\/div><\/div>","protected":false},"excerpt":{"rendered":"\u00a0 Adres Atat\u00fcrk Mah. Komsan \u00dcst\u00fc Yolu Cad. Quality Residance No: 4\/158 K\u00fc\u00e7\u00fck\u00e7ekmece\/\u0130stanbul \u00a0 E-Posta T\u00fcm e-postalara 24 saat i\u00e7erisinde cevap verilmektedir. orpa@orpapaslanmaz.com \u00a0 Telefon Bize telefonla haftai\u00e7i 09:00 - 18:00 saatleri i\u00e7erisinde ula\u015fabilirsiniz. 0212 809 68 28 Teklif \u0130steyin A\u015fa\u011f\u0131daki formu doldurarak bizden teklif isteyebilirsiniz. 24 saat i\u00e7erisinde teklifimizi sizinle payla\u015fm\u0131\u015f olaca\u011f\u0131z. \u0130sim - [...]","protected":false},"author":1,"featured_media":70782,"parent":0,"menu_order":0,"comment_status":"closed","ping_status":"closed","template":"page-full-width.php","meta":{"_acf_changed":false,"footnotes":""},"class_list":["post-71011","page","type-page","status-publish","has-post-thumbnail","hentry"],"acf":[],"yoast_head":"<!-- This site is optimized with the Yoast SEO plugin v23.0 - https:\/\/yoast.com\/wordpress\/plugins\/seo\/ -->\n<title>\u0130LET\u0130\u015e\u0130M - Orpa Paslanmaz<\/title>\n<meta name=\"robots\" content=\"index, follow, max-snippet:-1, max-image-preview:large, max-video-preview:-1\" \/>\n<link rel=\"canonical\" href=\"https:\/\/orpapaslanmaz.com\/en\/contact-2\/\" \/>\n<meta property=\"og:locale\" content=\"en_US\" \/>\n<meta property=\"og:type\" content=\"article\" \/>\n<meta property=\"og:title\" content=\"\u0130LET\u0130\u015e\u0130M - Orpa Paslanmaz\" \/>\n<meta property=\"og:url\" content=\"https:\/\/orpapaslanmaz.com\/en\/contact-2\/\" \/>\n<meta property=\"og:site_name\" content=\"Orpa Paslanmaz\" \/>\n<meta property=\"article:modified_time\" content=\"2021-11-01T19:41:18+00:00\" \/>\n<meta name=\"twitter:card\" content=\"summary_large_image\" \/>\n<meta name=\"twitter:label1\" content=\"Est. reading time\" \/>\n\t<meta name=\"twitter:data1\" content=\"1 minute\" \/>\n<script type=\"application\/ld+json\" class=\"yoast-schema-graph\">{\"@context\":\"https:\/\/schema.org\",\"@graph\":[{\"@type\":\"WebPage\",\"@id\":\"https:\/\/orpapaslanmaz.com\/contact-2\/\",\"url\":\"https:\/\/orpapaslanmaz.com\/contact-2\/\",\"name\":\"\u0130LET\u0130\u015e\u0130M - Orpa Paslanmaz\",\"isPartOf\":{\"@id\":\"https:\/\/orpapaslanmaz.com\/#website\"},\"primaryImageOfPage\":{\"@id\":\"https:\/\/orpapaslanmaz.com\/contact-2\/#primaryimage\"},\"image\":{\"@id\":\"https:\/\/orpapaslanmaz.com\/contact-2\/#primaryimage\"},\"thumbnailUrl\":\"\",\"datePublished\":\"2021-11-01T19:14:27+00:00\",\"dateModified\":\"2021-11-01T19:41:18+00:00\",\"breadcrumb\":{\"@id\":\"https:\/\/orpapaslanmaz.com\/contact-2\/#breadcrumb\"},\"inLanguage\":\"en-US\",\"potentialAction\":[{\"@type\":\"ReadAction\",\"target\":[\"https:\/\/orpapaslanmaz.com\/contact-2\/\"]}]},{\"@type\":\"ImageObject\",\"inLanguage\":\"en-US\",\"@id\":\"https:\/\/orpapaslanmaz.com\/contact-2\/#primaryimage\",\"url\":\"\",\"contentUrl\":\"\"},{\"@type\":\"BreadcrumbList\",\"@id\":\"https:\/\/orpapaslanmaz.com\/contact-2\/#breadcrumb\",\"itemListElement\":[{\"@type\":\"ListItem\",\"position\":1,\"name\":\"Anasayfa\",\"item\":\"https:\/\/orpapaslanmaz.com\/\"},{\"@type\":\"ListItem\",\"position\":2,\"name\":\"\u0130LET\u0130\u015e\u0130M\"}]},{\"@type\":\"WebSite\",\"@id\":\"https:\/\/orpapaslanmaz.com\/#website\",\"url\":\"https:\/\/orpapaslanmaz.com\/\",\"name\":\"Orpa Paslanmaz\",\"description\":\"ORPA PASLANMAZ \u00c7EL\u0130K. - Paslanmaz \u00c7elik&#039;de G\u00fcvenilir \u00c7\u00f6z\u00fcm Orta\u011f\u0131n\u0131z. Reliable Solution Partner on Stainless Steel Products.\",\"potentialAction\":[{\"@type\":\"SearchAction\",\"target\":{\"@type\":\"EntryPoint\",\"urlTemplate\":\"https:\/\/orpapaslanmaz.com\/?s={search_term_string}\"},\"query-input\":\"required name=search_term_string\"}],\"inLanguage\":\"en-US\"}]}<\/script>\n<!-- \/ Yoast SEO plugin. -->","yoast_head_json":{"title":"\u0130LET\u0130\u015e\u0130M - Orpa Paslanmaz","robots":{"index":"index","follow":"follow","max-snippet":"max-snippet:-1","max-image-preview":"max-image-preview:large","max-video-preview":"max-video-preview:-1"},"canonical":"https:\/\/orpapaslanmaz.com\/en\/contact-2\/","og_locale":"en_US","og_type":"article","og_title":"\u0130LET\u0130\u015e\u0130M - Orpa Paslanmaz","og_url":"https:\/\/orpapaslanmaz.com\/en\/contact-2\/","og_site_name":"Orpa Paslanmaz","article_modified_time":"2021-11-01T19:41:18+00:00","twitter_card":"summary_large_image","twitter_misc":{"Est. reading time":"1 minute"},"schema":{"@context":"https:\/\/schema.org","@graph":[{"@type":"WebPage","@id":"https:\/\/orpapaslanmaz.com\/contact-2\/","url":"https:\/\/orpapaslanmaz.com\/contact-2\/","name":"\u0130LET\u0130\u015e\u0130M - Orpa Paslanmaz","isPartOf":{"@id":"https:\/\/orpapaslanmaz.com\/#website"},"primaryImageOfPage":{"@id":"https:\/\/orpapaslanmaz.com\/contact-2\/#primaryimage"},"image":{"@id":"https:\/\/orpapaslanmaz.com\/contact-2\/#primaryimage"},"thumbnailUrl":"","datePublished":"2021-11-01T19:14:27+00:00","dateModified":"2021-11-01T19:41:18+00:00","breadcrumb":{"@id":"https:\/\/orpapaslanmaz.com\/contact-2\/#breadcrumb"},"inLanguage":"en-US","potentialAction":[{"@type":"ReadAction","target":["https:\/\/orpapaslanmaz.com\/contact-2\/"]}]},{"@type":"ImageObject","inLanguage":"en-US","@id":"https:\/\/orpapaslanmaz.com\/contact-2\/#primaryimage","url":"","contentUrl":""},{"@type":"BreadcrumbList","@id":"https:\/\/orpapaslanmaz.com\/contact-2\/#breadcrumb","itemListElement":[{"@type":"ListItem","position":1,"name":"Anasayfa","item":"https:\/\/orpapaslanmaz.com\/"},{"@type":"ListItem","position":2,"name":"\u0130LET\u0130\u015e\u0130M"}]},{"@type":"WebSite","@id":"https:\/\/orpapaslanmaz.com\/#website","url":"https:\/\/orpapaslanmaz.com\/","name":"Orpa Stainless","description":"ORPA PASLANMAZ \u00c7EL\u0130K. - Paslanmaz \u00c7elik&#039;de G\u00fcvenilir \u00c7\u00f6z\u00fcm Orta\u011f\u0131n\u0131z. Reliable Solution Partner on Stainless Steel Products.","potentialAction":[{"@type":"SearchAction","target":{"@type":"EntryPoint","urlTemplate":"https:\/\/orpapaslanmaz.com\/?s={search_term_string}"},"query-input":"required name=search_term_string"}],"inLanguage":"en-US"}]}},"_links":{"self":[{"href":"https:\/\/orpapaslanmaz.com\/en\/wp-json\/wp\/v2\/pages\/71011","targetHints":{"allow":["GET"]}}],"collection":[{"href":"https:\/\/orpapaslanmaz.com\/en\/wp-json\/wp\/v2\/pages"}],"about":[{"href":"https:\/\/orpapaslanmaz.com\/en\/wp-json\/wp\/v2\/types\/page"}],"author":[{"embeddable":true,"href":"https:\/\/orpapaslanmaz.com\/en\/wp-json\/wp\/v2\/users\/1"}],"replies":[{"embeddable":true,"href":"https:\/\/orpapaslanmaz.com\/en\/wp-json\/wp\/v2\/comments?post=71011"}],"version-history":[{"count":0,"href":"https:\/\/orpapaslanmaz.com\/en\/wp-json\/wp\/v2\/pages\/71011\/revisions"}],"wp:featuredmedia":[{"embeddable":true,"href":"https:\/\/orpapaslanmaz.com\/en\/wp-json\/"}],"wp:attachment":[{"href":"https:\/\/orpapaslanmaz.com\/en\/wp-json\/wp\/v2\/media?parent=71011"}],"curies":[{"name":"wp","href":"https:\/\/api.w.org\/{rel}","templated":true}]}}