{"id":73,"date":"2015-10-07T17:14:55","date_gmt":"2015-10-07T17:14:55","guid":{"rendered":"http:\/\/broker.commercegurus.com\/?page_id=73"},"modified":"2021-11-01T22:43:55","modified_gmt":"2021-11-01T19:43:55","slug":"solutions","status":"publish","type":"page","link":"https:\/\/orpapaslanmaz.com\/en\/solutions\/","title":{"rendered":"STAINLESS STEEL PRODUCTS"},"content":{"rendered":"<div class=\"container\"><div class=\"vc_row wpb_row vc_row-fluid vc_custom_1447263760697\"><div class=\"wpb_column vc_column_container vc_col-sm-4\"><div class=\"vc_column-inner vc_custom_1451766709466\"><div class=\"wpb_wrapper\">\n\t<div  class=\"wpb_single_image wpb_content_element vc_align_left  wpb_animate_when_almost_visible wpb_bottom-to-top bottom-to-top vc_custom_1513589216861\">\n\t\t\n\t\t<figure class=\"wpb_wrapper vc_figure\">\n\t\t\t<a href=\"#\" target=\"_self\" class=\"vc_single_image-wrapper   vc_box_border_grey\"><img loading=\"lazy\" decoding=\"async\" width=\"640\" height=\"320\" src=\"https:\/\/orpapaslanmaz.com\/wp-content\/uploads\/2017\/12\/640x320-1.png\" class=\"vc_single_image-img attachment-large\" alt=\"\" srcset=\"https:\/\/orpapaslanmaz.com\/wp-content\/uploads\/2017\/12\/640x320-1.png 640w, https:\/\/orpapaslanmaz.com\/wp-content\/uploads\/2017\/12\/640x320-1-300x150.png 300w\" sizes=\"auto, (max-width: 640px) 100vw, 640px\" \/><\/a>\n\t\t<\/figure>\n\t<\/div>\n\n\t<div class=\"wpb_text_column wpb_content_element  vc_custom_1513589229270\" >\n\t\t<div class=\"wpb_wrapper\">\n\t\t\t<h4><a href=\"#\">Agricultural Processing<\/a><\/h4>\n<h6>Agriculture sciences seek to feed the world\u2019s population while preventing biosafety problems that may affect human health as well as the environment and its surrounds.<\/h6>\n<p><a class=\"more-link\" href=\"#\">View more<\/a><\/p>\n\n\t\t<\/div>\n\t<\/div>\n<\/div><\/div><\/div><div class=\"wpb_column vc_column_container vc_col-sm-4\"><div class=\"vc_column-inner vc_custom_1451766722338\"><div class=\"wpb_wrapper\">\n\t<div  class=\"wpb_single_image wpb_content_element vc_align_left  wpb_animate_when_almost_visible wpb_bottom-to-top bottom-to-top vc_custom_1513589242816\">\n\t\t\n\t\t<figure class=\"wpb_wrapper vc_figure\">\n\t\t\t<a href=\"#\" target=\"_self\" class=\"vc_single_image-wrapper   vc_box_border_grey\"><img loading=\"lazy\" decoding=\"async\" width=\"640\" height=\"320\" src=\"https:\/\/orpapaslanmaz.com\/wp-content\/uploads\/2017\/12\/640x320-1.png\" class=\"vc_single_image-img attachment-large\" alt=\"\" srcset=\"https:\/\/orpapaslanmaz.com\/wp-content\/uploads\/2017\/12\/640x320-1.png 640w, https:\/\/orpapaslanmaz.com\/wp-content\/uploads\/2017\/12\/640x320-1-300x150.png 300w\" sizes=\"auto, (max-width: 640px) 100vw, 640px\" \/><\/a>\n\t\t<\/figure>\n\t<\/div>\n\n\t<div class=\"wpb_text_column wpb_content_element  vc_custom_1513589273531\" >\n\t\t<div class=\"wpb_wrapper\">\n\t\t\t<h4><a href=\"#\">Chemical Research<\/a><\/h4>\n<h6>Chemical engineers design large-scale processes that convert chemicals, raw materials, living cells, microorganisms and energy into useful forms and products.<\/h6>\n<p><a class=\"more-link\" href=\"#\">View more<\/a><\/p>\n\n\t\t<\/div>\n\t<\/div>\n<\/div><\/div><\/div><div class=\"wpb_column vc_column_container vc_col-sm-4\"><div class=\"vc_column-inner vc_custom_1451766735451\"><div class=\"wpb_wrapper\">\n\t<div  class=\"wpb_single_image wpb_content_element vc_align_left  wpb_animate_when_almost_visible wpb_bottom-to-top bottom-to-top vc_custom_1513589258050\">\n\t\t\n\t\t<figure class=\"wpb_wrapper vc_figure\">\n\t\t\t<a href=\"#\" target=\"_self\" class=\"vc_single_image-wrapper   vc_box_border_grey\"><img loading=\"lazy\" decoding=\"async\" width=\"640\" height=\"320\" src=\"https:\/\/orpapaslanmaz.com\/wp-content\/uploads\/2017\/12\/640x320-1.png\" class=\"vc_single_image-img attachment-large\" alt=\"\" srcset=\"https:\/\/orpapaslanmaz.com\/wp-content\/uploads\/2017\/12\/640x320-1.png 640w, https:\/\/orpapaslanmaz.com\/wp-content\/uploads\/2017\/12\/640x320-1-300x150.png 300w\" sizes=\"auto, (max-width: 640px) 100vw, 640px\" \/><\/a>\n\t\t<\/figure>\n\t<\/div>\n\n\t<div class=\"wpb_text_column wpb_content_element  vc_custom_1513589291325\" >\n\t\t<div class=\"wpb_wrapper\">\n\t\t\t<h4><a href=\"#\">Material Engineering<\/a><\/h4>\n<h6>The interdisciplinary field of materials science, also commonly known as materials science and engineering, involves the discovery and design of new materials, with an emphasis on solids.<\/h6>\n<p><a class=\"more-link\" href=\"#\">View more<\/a><\/p>\n\n\t\t<\/div>\n\t<\/div>\n<\/div><\/div><\/div><\/div><\/div><div class=\"container\"><div class=\"vc_row wpb_row vc_row-fluid vc_custom_1451766655032\"><div class=\"wpb_column vc_column_container vc_col-sm-4\"><div class=\"vc_column-inner vc_custom_1444993797023\"><div class=\"wpb_wrapper\">\n\t<div  class=\"wpb_single_image wpb_content_element vc_align_left  wpb_animate_when_almost_visible wpb_bottom-to-top bottom-to-top vc_custom_1513589313429\">\n\t\t\n\t\t<figure class=\"wpb_wrapper vc_figure\">\n\t\t\t<a href=\"#\" target=\"_self\" class=\"vc_single_image-wrapper   vc_box_border_grey\"><img loading=\"lazy\" decoding=\"async\" width=\"640\" height=\"320\" src=\"https:\/\/orpapaslanmaz.com\/wp-content\/uploads\/2017\/12\/640x320-1.png\" class=\"vc_single_image-img attachment-large\" alt=\"\" srcset=\"https:\/\/orpapaslanmaz.com\/wp-content\/uploads\/2017\/12\/640x320-1.png 640w, https:\/\/orpapaslanmaz.com\/wp-content\/uploads\/2017\/12\/640x320-1-300x150.png 300w\" sizes=\"auto, (max-width: 640px) 100vw, 640px\" \/><\/a>\n\t\t<\/figure>\n\t<\/div>\n\n\t<div class=\"wpb_text_column wpb_content_element  vc_custom_1513589325848\" >\n\t\t<div class=\"wpb_wrapper\">\n\t\t\t<h4><a href=\"#\">Mechanical Engineering<\/a><\/h4>\n<h6>Mechanical engineers are constantly pushing the boundaries of what is physically possible in order to produce safer, cheaper, and more efficient machines and mechanical systems.<\/h6>\n<p><a class=\"more-link\" href=\"#\">View more<\/a><\/p>\n\n\t\t<\/div>\n\t<\/div>\n<\/div><\/div><\/div><div class=\"wpb_column vc_column_container vc_col-sm-4\"><div class=\"vc_column-inner vc_custom_1444993804144\"><div class=\"wpb_wrapper\">\n\t<div  class=\"wpb_single_image wpb_content_element vc_align_left  wpb_animate_when_almost_visible wpb_bottom-to-top bottom-to-top vc_custom_1513589344032\">\n\t\t\n\t\t<figure class=\"wpb_wrapper vc_figure\">\n\t\t\t<a href=\"#\" target=\"_self\" class=\"vc_single_image-wrapper   vc_box_border_grey\"><img loading=\"lazy\" decoding=\"async\" width=\"640\" height=\"320\" src=\"https:\/\/orpapaslanmaz.com\/wp-content\/uploads\/2017\/12\/640x320-1.png\" class=\"vc_single_image-img attachment-large\" alt=\"\" srcset=\"https:\/\/orpapaslanmaz.com\/wp-content\/uploads\/2017\/12\/640x320-1.png 640w, https:\/\/orpapaslanmaz.com\/wp-content\/uploads\/2017\/12\/640x320-1-300x150.png 300w\" sizes=\"auto, (max-width: 640px) 100vw, 640px\" \/><\/a>\n\t\t<\/figure>\n\t<\/div>\n\n\t<div class=\"wpb_text_column wpb_content_element  vc_custom_1513589358108\" >\n\t\t<div class=\"wpb_wrapper\">\n\t\t\t<h4><a href=\"#\">Petroleum and Gas<\/a><\/h4>\n<h6>The petroleum industry include the global processes of exploration, extraction, refining, transporting (often by oil tankers and pipelines), and marketing petroleum products.<\/h6>\n<p><a class=\"more-link\" href=\"#\">View more<\/a><\/p>\n\n\t\t<\/div>\n\t<\/div>\n<\/div><\/div><\/div><div class=\"wpb_column vc_column_container vc_col-sm-4\"><div class=\"vc_column-inner vc_custom_1444993811709\"><div class=\"wpb_wrapper\">\n\t<div  class=\"wpb_single_image wpb_content_element vc_align_left  wpb_animate_when_almost_visible wpb_bottom-to-top bottom-to-top vc_custom_1513589373531\">\n\t\t\n\t\t<figure class=\"wpb_wrapper vc_figure\">\n\t\t\t<a href=\"#\" target=\"_self\" class=\"vc_single_image-wrapper   vc_box_border_grey\"><img loading=\"lazy\" decoding=\"async\" width=\"640\" height=\"320\" src=\"https:\/\/orpapaslanmaz.com\/wp-content\/uploads\/2017\/12\/640x320-1.png\" class=\"vc_single_image-img attachment-large\" alt=\"\" srcset=\"https:\/\/orpapaslanmaz.com\/wp-content\/uploads\/2017\/12\/640x320-1.png 640w, https:\/\/orpapaslanmaz.com\/wp-content\/uploads\/2017\/12\/640x320-1-300x150.png 300w\" sizes=\"auto, (max-width: 640px) 100vw, 640px\" \/><\/a>\n\t\t<\/figure>\n\t<\/div>\n\n\t<div class=\"wpb_text_column wpb_content_element  vc_custom_1513589389217\" >\n\t\t<div class=\"wpb_wrapper\">\n\t\t\t<h4><a href=\"#\">Power and Energy<\/a><\/h4>\n<h6>Modern society consumes large amounts of fuel, and the energy industry is a crucial part of the infrastructure and maintenance of society in almost all countries.<\/h6>\n<p><a class=\"more-link\" href=\"#\">View more<\/a><\/p>\n\n\t\t<\/div>\n\t<\/div>\n<\/div><\/div><\/div><\/div><\/div>","protected":false},"excerpt":{"rendered":"Agricultural Processing Agriculture sciences seek to feed the world\u2019s population while preventing biosafety problems that may affect human health as well as the environment and its surrounds. View more Chemical Research Chemical engineers design large-scale processes that convert chemicals, raw materials, living cells, microorganisms and energy into useful forms and products. View more Material Engineering [...]","protected":false},"author":1,"featured_media":70838,"parent":0,"menu_order":0,"comment_status":"closed","ping_status":"closed","template":"page-full-width.php","meta":{"_acf_changed":false,"footnotes":""},"class_list":["post-73","page","type-page","status-publish","has-post-thumbnail","hentry"],"acf":[],"yoast_head":"<!-- This site is optimized with the Yoast SEO plugin v23.0 - https:\/\/yoast.com\/wordpress\/plugins\/seo\/ -->\n<title>Paslanmaz \u00c7elik \u00dcr\u00fcnler - Orpa Paslanmaz<\/title>\n<meta name=\"description\" content=\"Discover our solutions\" \/>\n<meta name=\"robots\" content=\"index, follow, max-snippet:-1, max-image-preview:large, max-video-preview:-1\" \/>\n<link rel=\"canonical\" href=\"https:\/\/orpapaslanmaz.com\/en\/solutions\/\" \/>\n<meta property=\"og:locale\" content=\"en_US\" \/>\n<meta property=\"og:type\" content=\"article\" \/>\n<meta property=\"og:title\" content=\"Paslanmaz \u00c7elik \u00dcr\u00fcnler - Orpa Paslanmaz\" \/>\n<meta property=\"og:description\" content=\"Discover our solutions\" \/>\n<meta property=\"og:url\" content=\"https:\/\/orpapaslanmaz.com\/en\/solutions\/\" \/>\n<meta property=\"og:site_name\" content=\"Orpa Paslanmaz\" \/>\n<meta property=\"article:modified_time\" content=\"2021-11-01T19:43:55+00:00\" \/>\n<meta name=\"twitter:card\" content=\"summary_large_image\" \/>\n<meta name=\"twitter:label1\" content=\"Est. reading time\" \/>\n\t<meta name=\"twitter:data1\" content=\"3 minutes\" \/>\n<script type=\"application\/ld+json\" class=\"yoast-schema-graph\">{\"@context\":\"https:\/\/schema.org\",\"@graph\":[{\"@type\":\"WebPage\",\"@id\":\"https:\/\/orpapaslanmaz.com\/solutions\/\",\"url\":\"https:\/\/orpapaslanmaz.com\/solutions\/\",\"name\":\"Paslanmaz \u00c7elik \u00dcr\u00fcnler - Orpa Paslanmaz\",\"isPartOf\":{\"@id\":\"https:\/\/orpapaslanmaz.com\/#website\"},\"primaryImageOfPage\":{\"@id\":\"https:\/\/orpapaslanmaz.com\/solutions\/#primaryimage\"},\"image\":{\"@id\":\"https:\/\/orpapaslanmaz.com\/solutions\/#primaryimage\"},\"thumbnailUrl\":\"\",\"datePublished\":\"2015-10-07T17:14:55+00:00\",\"dateModified\":\"2021-11-01T19:43:55+00:00\",\"description\":\"Discover our solutions\",\"breadcrumb\":{\"@id\":\"https:\/\/orpapaslanmaz.com\/solutions\/#breadcrumb\"},\"inLanguage\":\"en-US\",\"potentialAction\":[{\"@type\":\"ReadAction\",\"target\":[\"https:\/\/orpapaslanmaz.com\/solutions\/\"]}]},{\"@type\":\"ImageObject\",\"inLanguage\":\"en-US\",\"@id\":\"https:\/\/orpapaslanmaz.com\/solutions\/#primaryimage\",\"url\":\"\",\"contentUrl\":\"\"},{\"@type\":\"BreadcrumbList\",\"@id\":\"https:\/\/orpapaslanmaz.com\/solutions\/#breadcrumb\",\"itemListElement\":[{\"@type\":\"ListItem\",\"position\":1,\"name\":\"Anasayfa\",\"item\":\"https:\/\/orpapaslanmaz.com\/\"},{\"@type\":\"ListItem\",\"position\":2,\"name\":\"Paslanmaz \u00c7elik \u00dcr\u00fcnler\"}]},{\"@type\":\"WebSite\",\"@id\":\"https:\/\/orpapaslanmaz.com\/#website\",\"url\":\"https:\/\/orpapaslanmaz.com\/\",\"name\":\"Orpa Paslanmaz\",\"description\":\"ORPA PASLANMAZ \u00c7EL\u0130K. - Paslanmaz \u00c7elik&#039;de G\u00fcvenilir \u00c7\u00f6z\u00fcm Orta\u011f\u0131n\u0131z. Reliable Solution Partner on Stainless Steel Products.\",\"potentialAction\":[{\"@type\":\"SearchAction\",\"target\":{\"@type\":\"EntryPoint\",\"urlTemplate\":\"https:\/\/orpapaslanmaz.com\/?s={search_term_string}\"},\"query-input\":\"required name=search_term_string\"}],\"inLanguage\":\"en-US\"}]}<\/script>\n<!-- \/ Yoast SEO plugin. -->","yoast_head_json":{"title":"Paslanmaz \u00c7elik \u00dcr\u00fcnler - Orpa Paslanmaz","description":"Discover our solutions","robots":{"index":"index","follow":"follow","max-snippet":"max-snippet:-1","max-image-preview":"max-image-preview:large","max-video-preview":"max-video-preview:-1"},"canonical":"https:\/\/orpapaslanmaz.com\/en\/solutions\/","og_locale":"en_US","og_type":"article","og_title":"Paslanmaz \u00c7elik \u00dcr\u00fcnler - Orpa Paslanmaz","og_description":"Discover our solutions","og_url":"https:\/\/orpapaslanmaz.com\/en\/solutions\/","og_site_name":"Orpa Paslanmaz","article_modified_time":"2021-11-01T19:43:55+00:00","twitter_card":"summary_large_image","twitter_misc":{"Est. reading time":"3 minutes"},"schema":{"@context":"https:\/\/schema.org","@graph":[{"@type":"WebPage","@id":"https:\/\/orpapaslanmaz.com\/solutions\/","url":"https:\/\/orpapaslanmaz.com\/solutions\/","name":"Paslanmaz \u00c7elik \u00dcr\u00fcnler - Orpa Paslanmaz","isPartOf":{"@id":"https:\/\/orpapaslanmaz.com\/#website"},"primaryImageOfPage":{"@id":"https:\/\/orpapaslanmaz.com\/solutions\/#primaryimage"},"image":{"@id":"https:\/\/orpapaslanmaz.com\/solutions\/#primaryimage"},"thumbnailUrl":"","datePublished":"2015-10-07T17:14:55+00:00","dateModified":"2021-11-01T19:43:55+00:00","description":"Discover our solutions","breadcrumb":{"@id":"https:\/\/orpapaslanmaz.com\/solutions\/#breadcrumb"},"inLanguage":"en-US","potentialAction":[{"@type":"ReadAction","target":["https:\/\/orpapaslanmaz.com\/solutions\/"]}]},{"@type":"ImageObject","inLanguage":"en-US","@id":"https:\/\/orpapaslanmaz.com\/solutions\/#primaryimage","url":"","contentUrl":""},{"@type":"BreadcrumbList","@id":"https:\/\/orpapaslanmaz.com\/solutions\/#breadcrumb","itemListElement":[{"@type":"ListItem","position":1,"name":"Anasayfa","item":"https:\/\/orpapaslanmaz.com\/"},{"@type":"ListItem","position":2,"name":"Paslanmaz \u00c7elik \u00dcr\u00fcnler"}]},{"@type":"WebSite","@id":"https:\/\/orpapaslanmaz.com\/#website","url":"https:\/\/orpapaslanmaz.com\/","name":"Orpa Stainless","description":"ORPA PASLANMAZ \u00c7EL\u0130K. - Paslanmaz \u00c7elik&#039;de G\u00fcvenilir \u00c7\u00f6z\u00fcm Orta\u011f\u0131n\u0131z. Reliable Solution Partner on Stainless Steel Products.","potentialAction":[{"@type":"SearchAction","target":{"@type":"EntryPoint","urlTemplate":"https:\/\/orpapaslanmaz.com\/?s={search_term_string}"},"query-input":"required name=search_term_string"}],"inLanguage":"en-US"}]}},"_links":{"self":[{"href":"https:\/\/orpapaslanmaz.com\/en\/wp-json\/wp\/v2\/pages\/73","targetHints":{"allow":["GET"]}}],"collection":[{"href":"https:\/\/orpapaslanmaz.com\/en\/wp-json\/wp\/v2\/pages"}],"about":[{"href":"https:\/\/orpapaslanmaz.com\/en\/wp-json\/wp\/v2\/types\/page"}],"author":[{"embeddable":true,"href":"https:\/\/orpapaslanmaz.com\/en\/wp-json\/wp\/v2\/users\/1"}],"replies":[{"embeddable":true,"href":"https:\/\/orpapaslanmaz.com\/en\/wp-json\/wp\/v2\/comments?post=73"}],"version-history":[{"count":0,"href":"https:\/\/orpapaslanmaz.com\/en\/wp-json\/wp\/v2\/pages\/73\/revisions"}],"wp:featuredmedia":[{"embeddable":true,"href":"https:\/\/orpapaslanmaz.com\/en\/wp-json\/"}],"wp:attachment":[{"href":"https:\/\/orpapaslanmaz.com\/en\/wp-json\/wp\/v2\/media?parent=73"}],"curies":[{"name":"wp","href":"https:\/\/api.w.org\/{rel}","templated":true}]}}